{"id":83,"date":"2019-10-15T01:33:24","date_gmt":"2019-10-14T23:33:24","guid":{"rendered":"http:\/\/brukshistoria.se\/?page_id=83"},"modified":"2023-10-29T02:28:14","modified_gmt":"2023-10-29T00:28:14","slug":"plastindustri","status":"publish","type":"page","link":"https:\/\/brukshistoria.se\/?page_id=83","title":{"rendered":"Plastindustri"},"content":{"rendered":"\n<h1 class=\"wp-block-heading\">Plastmaterial<\/h1>\n\n\n\n<p>Det finns nu inget material under denna rubrik, det f\u00f6rbereds men det \u00e4r os\u00e4kert n\u00e4r det blir f\u00e4rdig f\u00f6r publicering.<\/p>\n\n\n\n<h1 class=\"wp-block-heading\">Plastindustrier<\/h1>\n\n\n\n<p>Det finns nu inget material under denna rubrik, det f\u00f6rbereds men det \u00e4r os\u00e4kert n\u00e4r det blir f\u00e4rdig f\u00f6r publicering.<\/p>\n","protected":false},"excerpt":{"rendered":"<p>Plastmaterial Det finns nu inget material under denna rubrik, det f\u00f6rbereds men det \u00e4r os\u00e4kert n\u00e4r det blir f\u00e4rdig f\u00f6r publicering. Plastindustrier Det finns nu inget material under denna rubrik, det f\u00f6rbereds men det \u00e4r os\u00e4kert n\u00e4r det blir f\u00e4rdig f\u00f6r publicering.<\/p>\n","protected":false},"author":1,"featured_media":0,"parent":12,"menu_order":0,"comment_status":"closed","ping_status":"closed","template":"","meta":{"_monsterinsights_skip_tracking":false,"_monsterinsights_sitenote_active":false,"_monsterinsights_sitenote_note":"","_monsterinsights_sitenote_category":0,"footnotes":""},"class_list":["post-83","page","type-page","status-publish","hentry"],"_links":{"self":[{"href":"https:\/\/brukshistoria.se\/index.php?rest_route=\/wp\/v2\/pages\/83","targetHints":{"allow":["GET"]}}],"collection":[{"href":"https:\/\/brukshistoria.se\/index.php?rest_route=\/wp\/v2\/pages"}],"about":[{"href":"https:\/\/brukshistoria.se\/index.php?rest_route=\/wp\/v2\/types\/page"}],"author":[{"embeddable":true,"href":"https:\/\/brukshistoria.se\/index.php?rest_route=\/wp\/v2\/users\/1"}],"replies":[{"embeddable":true,"href":"https:\/\/brukshistoria.se\/index.php?rest_route=%2Fwp%2Fv2%2Fcomments&post=83"}],"version-history":[{"count":4,"href":"https:\/\/brukshistoria.se\/index.php?rest_route=\/wp\/v2\/pages\/83\/revisions"}],"predecessor-version":[{"id":712,"href":"https:\/\/brukshistoria.se\/index.php?rest_route=\/wp\/v2\/pages\/83\/revisions\/712"}],"up":[{"embeddable":true,"href":"https:\/\/brukshistoria.se\/index.php?rest_route=\/wp\/v2\/pages\/12"}],"wp:attachment":[{"href":"https:\/\/brukshistoria.se\/index.php?rest_route=%2Fwp%2Fv2%2Fmedia&parent=83"}],"curies":[{"name":"wp","href":"https:\/\/api.w.org\/{rel}","templated":true}]}}