{"id":80,"date":"2019-10-15T01:31:33","date_gmt":"2019-10-14T23:31:33","guid":{"rendered":"http:\/\/brukshistoria.se\/?page_id=80"},"modified":"2023-10-29T01:29:06","modified_gmt":"2023-10-28T23:29:06","slug":"papperstillverkning","status":"publish","type":"page","link":"https:\/\/brukshistoria.se\/?page_id=80","title":{"rendered":"Massa- och pappersbruk"},"content":{"rendered":"\n<h1 class=\"wp-block-heading\">Papper, pappersmassa<\/h1>\n\n\n\n<div class=\"sdm_download_item \"><div class=\"sdm_download_item_top\"><div class=\"sdm_download_thumbnail\"><\/div><div class=\"sdm_download_title\">Massa- och pappersbruk.pdf<\/div><\/div><div style=\"clear:both;\"><\/div><div class=\"sdm_download_description\"><p>Detta \u00e4r en sammanst\u00e4llning av de flesta svenska bruk som har producerat eller producerar pappersmassa och papper. Sammanst\u00e4llningen \u00e4r gjord i listform och grupperar de enskilda objekten efter deras l\u00e4ge i landskap och kommun. Produktionens start\u00e5r f\u00f6r bruken anges och tiden f\u00f6r deras nerl\u00e4ggning anges ocks\u00e5.<\/p>\n<\/div><div class=\"sdm_download_size\"><span class=\"sdm_download_size_label\">Storlek: <\/span><span class=\"sdm_download_size_value\">120 kB<\/span><\/div><div class=\"sdm_download_version\"><span class=\"sdm_download_version_label\">Version: <\/span><span class=\"sdm_download_version_value\">191214-02<\/span><\/div><div class=\"sdm_download_link\"><span class=\"sdm_download_button\"><a href=\"https:\/\/brukshistoria.se\/?sdm_process_download=1&download_id=296\" class=\"sdm_download blue\" title=\"Massa- och pappersbruk.pdf\" target=\"_blank\">Ladda ned, klicka h\u00e4r<\/a><\/span><\/div><\/div><div class=\"sdm_download_item \"><div class=\"sdm_download_item_top\"><div class=\"sdm_download_thumbnail\"><img decoding=\"async\" class=\"sdm_download_thumbnail_image\" src=\"https:\/\/brukshistoria.se\/media1.brukshistoria.se\/pdf_o_thumb\/Papperstillverkning.jpg\" alt = \"Papperstillverkning.pdf\" \/><\/div><div class=\"sdm_download_title\">Papperstillverkning.pdf<\/div><\/div><div style=\"clear:both;\"><\/div><div class=\"sdm_download_description\"><p align=\"LEFT\">Den h\u00e4r publikationen handlar om papper, papperets historia och framst\u00e4llning av papper fr\u00e5n och med hantverket f\u00f6r n\u00e4stan 2000 \u00e5r sedan till dagens massproduktion. P\u00e5 ett kortfattat och enkelt s\u00e4tt beskrivs processer och arbetss\u00e4tt som har anv\u00e4nts och nu anv\u00e4nds f\u00f6r pappersmassatillverkning och pappersframst\u00e4llning. Maskiner beskrivs och vanligen anv\u00e4nda termer f\u00f6rklaras. Den svenska pappersindustrins utveckling ber\u00f6rs tillsammans med branschens milj\u00f6fr\u00e5gor.<\/p>\n<p align=\"LEFT\">Huvud\u00e4ndam\u00e5let \u00e4r att vara faktareferens vid l\u00e4sning av ber\u00e4ttelser om enskilda pappersbruk, men skriften st\u00e5r p\u00e5 egna ben och kan d\u00e4rf\u00f6r ocks\u00e5 l\u00e4sas separat.<\/p>\n<\/div><div class=\"sdm_download_size\"><span class=\"sdm_download_size_label\">Storlek: <\/span><span class=\"sdm_download_size_value\">8,2 MB<\/span><\/div><div class=\"sdm_download_version\"><span class=\"sdm_download_version_label\">Version: <\/span><span class=\"sdm_download_version_value\">181127<\/span><\/div><div class=\"sdm_download_link\"><span class=\"sdm_download_button\"><a href=\"https:\/\/brukshistoria.se\/?sdm_process_download=1&download_id=156\" class=\"sdm_download blue\" title=\"Papperstillverkning.pdf\" target=\"_blank\">Ladda ned, klicka h\u00e4r<\/a><\/span><\/div><\/div><div class=\"sdm_clear_float\"><\/div>\n\n\n\n<h1 class=\"wp-block-heading\">Massabruk, pappersbruk<\/h1>\n\n\n\n<div class=\"sdm_download_item \"><div class=\"sdm_download_item_top\"><div class=\"sdm_download_thumbnail\"><img decoding=\"async\" class=\"sdm_download_thumbnail_image\" src=\"https:\/\/brukshistoria.se\/media1.brukshistoria.se\/pdf_o_thumb\/Kvarnbyn_i_Molndal.jpg\" alt = \"Kvarnbyn i M\u00f6lndal.pdf\" \/><\/div><div class=\"sdm_download_title\">Kvarnbyn i M\u00f6lndal.pdf<\/div><\/div><div style=\"clear:both;\"><\/div><div class=\"sdm_download_description\"><p>I en s\u00e4rskilt l\u00e5ng fors i M\u00f6lndals\u00e5n byggde g\u00e5rdar i n\u00e4rheten kvarnar f\u00f6r husbehovsmalning av br\u00f6ds\u00e4d redan tidigare \u00e4n 1300-talet och s\u00e5 sm\u00e5ningom b\u00f6rjade vattenkraften i forsen anv\u00e4ndas f\u00f6r att driva kommersiella kvarnar och industrier. De f\u00f6rsta industrierna bestod av handpappersbruk, senare av maskinpappersbruk, och n\u00e4sta v\u00e5g av industrier var av kemisk-teknisk natur. Det var sockerbruk, tillverkning av linolja samt konsthartser. D\u00e4refter byggdes textil- och konfektionsindustri med spinnerier, v\u00e4verier samt kl\u00e4dtillverkning.<br \/>\nM\u00e5nga av f\u00f6retagen var stora och betydande i Sverige men lades \u00e4nd\u00e5 ned eller flyttades. De l\u00e4mnade dock efter sig byggnader och installationer fr\u00e5n senare tid invid forsen i Kvarnbyn vilka kortfattat beskrivs med deras historia i denna skrift.<\/p>\n<\/div><div class=\"sdm_download_size\"><span class=\"sdm_download_size_label\">Storlek: <\/span><span class=\"sdm_download_size_value\">72,9 MB<\/span><\/div><div class=\"sdm_download_version\"><span class=\"sdm_download_version_label\">Version: <\/span><span class=\"sdm_download_version_value\">240507<\/span><\/div><div class=\"sdm_download_link\"><span class=\"sdm_download_button\"><a href=\"https:\/\/brukshistoria.se\/?sdm_process_download=1&download_id=737\" class=\"sdm_download blue\" title=\"Kvarnbyn i M\u00f6lndal.pdf\" target=\"_self\">Ladda ned, klicka h\u00e4r<\/a><\/span><\/div><\/div><div class=\"sdm_download_item \"><div class=\"sdm_download_item_top\"><div class=\"sdm_download_thumbnail\"><img decoding=\"async\" class=\"sdm_download_thumbnail_image\" src=\"https:\/\/brukshistoria.se\/media1.brukshistoria.se\/pdf_o_thumb\/\u00d6sj\u00f6fors_handpappersbruk.jpg\" alt = \"\u00d6sj\u00f6fors handpappersbruk.pdf\" \/><\/div><div class=\"sdm_download_title\">\u00d6sj\u00f6fors handpappersbruk.pdf<\/div><\/div><div style=\"clear:both;\"><\/div><div class=\"sdm_download_description\"><p align=\"LEFT\">Skriften behandlar framst\u00e4llning av papper f\u00f6r hand vid \u00d6sj\u00f6fors handpappersbruk fr\u00e5n 1780 till bruket lades ner 1926. Brukets historia och anv\u00e4ndningen av bruksbyggnaden och arbetsredskapen efter 1926 n\u00e4r bruket blev en nationell kulturskatt \u00e4nda till pappersbruket br\u00e4ndes ner 2005 beskrivs kortfattat.<\/p>\n<\/div><div class=\"sdm_download_size\"><span class=\"sdm_download_size_label\">Storlek: <\/span><span class=\"sdm_download_size_value\">10 MB<\/span><\/div><div class=\"sdm_download_version\"><span class=\"sdm_download_version_label\">Version: <\/span><span class=\"sdm_download_version_value\">181204<\/span><\/div><div class=\"sdm_download_link\"><span class=\"sdm_download_button\"><a href=\"https:\/\/brukshistoria.se\/?sdm_process_download=1&download_id=167\" class=\"sdm_download blue\" title=\"\u00d6sj\u00f6fors handpappersbruk.pdf\" target=\"_blank\">Ladda ned, klicka h\u00e4r<\/a><\/span><\/div><\/div><div class=\"sdm_download_item \"><div class=\"sdm_download_item_top\"><div class=\"sdm_download_thumbnail\"><img decoding=\"async\" class=\"sdm_download_thumbnail_image\" src=\"https:\/\/brukshistoria.se\/media1.brukshistoria.se\/pdf_o_thumb\/S\u00f6rstafors_Pappersbruk.jpg\" alt = \"S\u00f6rstafors Pappersbruk.pdf\" \/><\/div><div class=\"sdm_download_title\">S\u00f6rstafors Pappersbruk.pdf<\/div><\/div><div style=\"clear:both;\"><\/div><div class=\"sdm_download_description\"><p align=\"LEFT\">Skriften beskriver kortfattat historien om S\u00f6rstafors Pappersbruk fr\u00e5n 1871 n\u00e4r ett tr\u00e4sliperi startade med massatillverkning och elva \u00e5r senare n\u00e4r papper b\u00f6rjade produceras och d\u00e4refter starten av ett sulfitmassabruk \u00e4nda fram till 1966 n\u00e4r hela bruket lades ner. Bruksbyggnaderna som till st\u00f6rsta delen st\u00e5r kvar och de anst\u00e4lldas bost\u00e4der p\u00e5 industriorten beskrivs.<br \/>\nSkriften som ursprungligen publicerades 2018 har reviderats 2024 med f\u00f6rtydligande p\u00e5 n\u00e5gra st\u00e4llen och justering av n\u00e5gra f\u00e5 faktafel men har inte f\u00f6rl\u00e4ngts i tiden.<br \/>\nSkriften \u2018Papperstillverkning\u2019 av samma f\u00f6rfattare rekommenderas f\u00f6r den som vill ha en faktareferens och veta mer om maskiner, metoder och arbetss\u00e4tt inom pappersindustrin.<\/p>\n<\/div><div class=\"sdm_download_size\"><span class=\"sdm_download_size_label\">Storlek: <\/span><span class=\"sdm_download_size_value\">49,7 MB<\/span><\/div><div class=\"sdm_download_version\"><span class=\"sdm_download_version_label\">Version: <\/span><span class=\"sdm_download_version_value\">240724<\/span><\/div><div class=\"sdm_download_link\"><span class=\"sdm_download_button\"><a href=\"https:\/\/brukshistoria.se\/?sdm_process_download=1&download_id=161\" class=\"sdm_download blue\" title=\"S\u00f6rstafors Pappersbruk.pdf\" target=\"_blank\">Ladda ned, klicka h\u00e4r<\/a><\/span><\/div><\/div><div class=\"sdm_clear_float\"><\/div>\n","protected":false},"excerpt":{"rendered":"<p>Papper, pappersmassa Massabruk, pappersbruk<\/p>\n","protected":false},"author":1,"featured_media":0,"parent":12,"menu_order":0,"comment_status":"closed","ping_status":"closed","template":"","meta":{"_monsterinsights_skip_tracking":false,"_monsterinsights_sitenote_active":false,"_monsterinsights_sitenote_note":"","_monsterinsights_sitenote_category":0,"footnotes":""},"class_list":["post-80","page","type-page","status-publish","hentry"],"_links":{"self":[{"href":"https:\/\/brukshistoria.se\/index.php?rest_route=\/wp\/v2\/pages\/80","targetHints":{"allow":["GET"]}}],"collection":[{"href":"https:\/\/brukshistoria.se\/index.php?rest_route=\/wp\/v2\/pages"}],"about":[{"href":"https:\/\/brukshistoria.se\/index.php?rest_route=\/wp\/v2\/types\/page"}],"author":[{"embeddable":true,"href":"https:\/\/brukshistoria.se\/index.php?rest_route=\/wp\/v2\/users\/1"}],"replies":[{"embeddable":true,"href":"https:\/\/brukshistoria.se\/index.php?rest_route=%2Fwp%2Fv2%2Fcomments&post=80"}],"version-history":[{"count":9,"href":"https:\/\/brukshistoria.se\/index.php?rest_route=\/wp\/v2\/pages\/80\/revisions"}],"predecessor-version":[{"id":702,"href":"https:\/\/brukshistoria.se\/index.php?rest_route=\/wp\/v2\/pages\/80\/revisions\/702"}],"up":[{"embeddable":true,"href":"https:\/\/brukshistoria.se\/index.php?rest_route=\/wp\/v2\/pages\/12"}],"wp:attachment":[{"href":"https:\/\/brukshistoria.se\/index.php?rest_route=%2Fwp%2Fv2%2Fmedia&parent=80"}],"curies":[{"name":"wp","href":"https:\/\/api.w.org\/{rel}","templated":true}]}}