{"id":74,"date":"2019-10-15T01:29:15","date_gmt":"2019-10-14T23:29:15","guid":{"rendered":"http:\/\/brukshistoria.se\/?page_id=74"},"modified":"2023-10-29T02:08:19","modified_gmt":"2023-10-29T00:08:19","slug":"metallframstallning","status":"publish","type":"page","link":"https:\/\/brukshistoria.se\/?page_id=74","title":{"rendered":"Metallframst\u00e4llning"},"content":{"rendered":"\n<h1 class=\"wp-block-heading\">Grund\u00e4mnen, metaller<\/h1>\n\n\n\n<p>Det finns nu inget material under denna rubrik, det f\u00f6rbereds men det \u00e4r os\u00e4kert n\u00e4r det blir f\u00e4rdig f\u00f6r publicering.<\/p>\n\n\n\n<h1 class=\"wp-block-heading\">J\u00e4rn, st\u00e5l<\/h1>\n\n\n\n<div class=\"sdm_download_item \"><div class=\"sdm_download_item_top\"><div class=\"sdm_download_thumbnail\"><\/div><div class=\"sdm_download_title\">J\u00e4rnbruk hyttor och smedjor.pdf<\/div><\/div><div style=\"clear:both;\"><\/div><div class=\"sdm_download_description\"><p>Detta \u00e4r en sammanst\u00e4llning av m\u00e5nga svenska j\u00e4rnbruk, hyttor och smedjor som har producerat eller producerar j\u00e4rn och st\u00e5l. Sammanst\u00e4llningen \u00e4r gjord i listform och grupperar de enskilda objekten efter deras l\u00e4ge i landskap och kommun. Produktionens start\u00e5r f\u00f6r bruken anges och tiden f\u00f6r deras nerl\u00e4ggning anges ocks\u00e5.<\/p>\n<\/div><div class=\"sdm_download_size\"><span class=\"sdm_download_size_label\">Storlek: <\/span><span class=\"sdm_download_size_value\">160 kB<\/span><\/div><div class=\"sdm_download_version\"><span class=\"sdm_download_version_label\">Version: <\/span><span class=\"sdm_download_version_value\">200210-05<\/span><\/div><div class=\"sdm_download_link\"><span class=\"sdm_download_button\"><a href=\"https:\/\/brukshistoria.se\/?sdm_process_download=1&download_id=317\" class=\"sdm_download blue\" title=\"J\u00e4rnbruk hyttor och smedjor.pdf\" target=\"_blank\">Ladda ned, klicka h\u00e4r<\/a><\/span><\/div><\/div><div class=\"sdm_download_item \"><div class=\"sdm_download_item_top\"><div class=\"sdm_download_thumbnail\"><img decoding=\"async\" class=\"sdm_download_thumbnail_image\" src=\"https:\/\/brukshistoria.se\/media1.brukshistoria.se\/pdf_o_thumb\/Jarn_och_stal.jpg\" alt = \"J\u00e4rn och st\u00e5l.pdf\" \/><\/div><div class=\"sdm_download_title\">J\u00e4rn och st\u00e5l.pdf<\/div><\/div><div style=\"clear:both;\"><\/div><div class=\"sdm_download_description\"><p>&nbsp;<\/p>\n<p align=\"LEFT\">Den h\u00e4r skriften handlar om j\u00e4rn och st\u00e5l, j\u00e4rnets historia och framst\u00e4llning av j\u00e4rn och st\u00e5l fr\u00e5n och med sm\u00e5skalig tillverkning f\u00f6r n\u00e4stan 1500 \u00e5r sedan till dagens produktion. P\u00e5 ett kortfattat och enkelt s\u00e4tt beskrivs processer och arbetss\u00e4tt som har anv\u00e4nts och nu anv\u00e4nds f\u00f6r st\u00e5lframst\u00e4llning. Utrustning beskrivs och vanligen anv\u00e4nda termer f\u00f6rklaras. Den svenska st\u00e5lindustrins utveckling ber\u00f6rs tilllsammans med branchens milj\u00f6fr\u00e5gor.<\/p>\n<p align=\"LEFT\">Huvud\u00e4ndam\u00e5let \u00e4r att vara faktareferens vid l\u00e4sning av ber\u00e4ttelser om enskilda j\u00e4rn- och st\u00e5lverk, men skriften st\u00e5r p\u00e5 egna ben och kan d\u00e4rf\u00f6r ocks\u00e5 l\u00e4sas separat.<\/p>\n<\/div><div class=\"sdm_download_size\"><span class=\"sdm_download_size_label\">Storlek: <\/span><span class=\"sdm_download_size_value\">30 MB<\/span><\/div><div class=\"sdm_download_version\"><span class=\"sdm_download_version_label\">Version: <\/span><span class=\"sdm_download_version_value\">221102<\/span><\/div><div class=\"sdm_download_link\"><span class=\"sdm_download_button\"><a href=\"https:\/\/brukshistoria.se\/?sdm_process_download=1&download_id=149\" class=\"sdm_download blue\" title=\"J\u00e4rn och st\u00e5l.pdf\" target=\"_self\">Ladda ned, klicka h\u00e4r<\/a><\/span><\/div><\/div><div class=\"sdm_clear_float\"><\/div>\n\n\n\n<h1 class=\"wp-block-heading\">J\u00e4rnverk<\/h1>\n\n\n\n<div class=\"sdm_download_item \"><div class=\"sdm_download_item_top\"><div class=\"sdm_download_thumbnail\"><img decoding=\"async\" class=\"sdm_download_thumbnail_image\" src=\"https:\/\/brukshistoria.se\/media1.brukshistoria.se\/pdf_o_thumb\/Stalverket_i_Bjorneborg.jpg\" alt = \"St\u00e5lverket i Bj\u00f6rneborg.pdf\" \/><\/div><div class=\"sdm_download_title\">St\u00e5lverket i Bj\u00f6rneborg.pdf<\/div><\/div><div style=\"clear:both;\"><\/div><div class=\"sdm_download_description\"><p>I den s\u00f6dra \u00e4nden av sj\u00f6n Vismen fick Olof Person privilegium 1661 att anl\u00e4gga ett st\u00e5ngj\u00e4rnshammarbruk med tv\u00e5 hammare. Platsen d\u00e4r bruket anlades kallades Bj\u00f6rneborg. Det svenska Bj\u00f6rneborg ligger i V\u00e4rmland syd\u00f6st om Kristinehamn. L\u00e4nge f\u00f6rs\u00f6rjde sig bruket p\u00e5 st\u00e5ngj\u00e4rnstillverkning men i mitten p\u00e5 1800-talet moderniserades bruket f\u00f6r att tillverka st\u00e5l i teknikfronten. D\u00e4rf\u00f6r har bruket \u00f6verlevt alla kriser inom st\u00e5lindustrin fast det varit n\u00e4ra nedl\u00e4ggning n\u00e5gra g\u00e5nger. Bj\u00f6rneborg Steel som bruket nu heter tillverkar st\u00e5l och smidda produkter, kommer enligt planerna att vara koldioxidneutralt inom ett par \u00e5r.<\/p>\n<\/div><div class=\"sdm_download_size\"><span class=\"sdm_download_size_label\">Storlek: <\/span><span class=\"sdm_download_size_value\">62,1 MB<\/span><\/div><div class=\"sdm_download_version\"><span class=\"sdm_download_version_label\">Version: <\/span><span class=\"sdm_download_version_value\">220822<\/span><\/div><div class=\"sdm_download_link\"><span class=\"sdm_download_button\"><a href=\"https:\/\/brukshistoria.se\/?sdm_process_download=1&download_id=609\" class=\"sdm_download blue\" title=\"St\u00e5lverket i Bj\u00f6rneborg.pdf\" target=\"_blank\">Ladda ned, klicka h\u00e4r<\/a><\/span><\/div><\/div><div class=\"sdm_download_item \"><div class=\"sdm_download_item_top\"><div class=\"sdm_download_thumbnail\"><img decoding=\"async\" class=\"sdm_download_thumbnail_image\" src=\"https:\/\/brukshistoria.se\/media1.brukshistoria.se\/pdf_o_thumb\/Gysinge_Bruk.jpg\" alt = \"Gysinge Bruk &#8211; ett vallonbruk norr om Dal\u00e4lven.pdf\" \/><\/div><div class=\"sdm_download_title\">Gysinge Bruk &#8211; ett vallonbruk norr om Dal\u00e4lven.pdf<\/div><\/div><div style=\"clear:both;\"><\/div><div class=\"sdm_download_description\"><p>Gysinge bruk skapades \u00e5r 1666 med tillst\u00e5ndsans\u00f6kan f\u00f6r att anl\u00e4gga en masugn och en hammarsmedja vid Dal\u00e4lven. Man b\u00f6rjade producera st\u00e5ngj\u00e4rn genom vallonsmide men \u00e4ven andra smidesmetoder anv\u00e4ndes. Bruket v\u00e4xte l\u00e5ngsamt och blev G\u00e4striklands st\u00f6rsta j\u00e4rnbruk. Den siste brukspatronen s\u00f6kte i slutet av 1800-talet andra produktionsinriktningar \u00e4n st\u00e5ngj\u00e4rn innan framg\u00e5ngen kom i st\u00e5lframst\u00e4llning med hj\u00e4lp av elektrisk induktionsugn.<br \/>\n\u00c5r 1904 hade dock Gysinge bruk s\u00e5lts, styckats upp och bolaget uppl\u00f6sts. Under de sista \u00e5ren hade de flesta bruksbyggnader m\u00e5lats vita s\u00e5 Gysinge bruk kallas det vita bruket. Skriften har nyligen reviderats.<\/p>\n<\/div><div class=\"sdm_download_size\"><span class=\"sdm_download_size_label\">Storlek: <\/span><span class=\"sdm_download_size_value\">68,5 MB<\/span><\/div><div class=\"sdm_download_version\"><span class=\"sdm_download_version_label\">Version: <\/span><span class=\"sdm_download_version_value\">230116<\/span><\/div><div class=\"sdm_download_link\"><span class=\"sdm_download_button\"><a href=\"https:\/\/brukshistoria.se\/?sdm_process_download=1&download_id=521\" class=\"sdm_download blue\" title=\"Gysinge Bruk &#8211; ett vallonbruk norr om Dal\u00e4lven.pdf\" target=\"_blank\">Ladda ned, klicka h\u00e4r<\/a><\/span><\/div><\/div><div class=\"sdm_download_item \"><div class=\"sdm_download_item_top\"><div class=\"sdm_download_thumbnail\"><img decoding=\"async\" class=\"sdm_download_thumbnail_image\" src=\"https:\/\/brukshistoria.se\/media1.brukshistoria.se\/pdf_o_thumb\/Karmansbo_Bruk.jpg\" alt = \"Karmansbo Bruk.pdf\" \/><\/div><div class=\"sdm_download_title\">Karmansbo Bruk.pdf<\/div><\/div><div style=\"clear:both;\"><\/div><div class=\"sdm_download_description\"><p align=\"LEFT\">Skriften f\u00f6ljer en liten hammarsmedja i Hedstr\u00f6mmens dalg\u00e5ng, Karmansbo smedja, fr\u00e5n slutet av 1500-talet som genom n\u00e4stan 400 \u00e5r mer och mindre framg\u00e5ngsrikt producerade st\u00e5ngj\u00e4rn f\u00f6r export. Smedjan v\u00e4xte genom att anv\u00e4nda lancashiremetoden och moderna maskiner till en av de st\u00f6rre i Sverige. Smedjan st\u00e4ngdes s\u00e5 sent som 1958 men fick beh\u00e5lla all utrustning. \u00c4nnu tillverkas st\u00e5ngj\u00e4rn n\u00e5gon g\u00e5ng \u00e5rligen. Det g\u00f6r smedjan v\u00e4rldsunik.<\/p>\n<\/div><div class=\"sdm_download_size\"><span class=\"sdm_download_size_label\">Storlek: <\/span><span class=\"sdm_download_size_value\">21,5 MB<\/span><\/div><div class=\"sdm_download_version\"><span class=\"sdm_download_version_label\">Version: <\/span><span class=\"sdm_download_version_value\">200301<\/span><\/div><div class=\"sdm_download_link\"><span class=\"sdm_download_button\"><a href=\"https:\/\/brukshistoria.se\/?sdm_process_download=1&download_id=153\" class=\"sdm_download blue\" title=\"Karmansbo Bruk.pdf\" target=\"_blank\">Ladda ned, klicka h\u00e4r<\/a><\/span><\/div><\/div><div class=\"sdm_download_item \"><div class=\"sdm_download_item_top\"><div class=\"sdm_download_thumbnail\"><img decoding=\"async\" class=\"sdm_download_thumbnail_image\" src=\"http:\/\/brukshistoria.se\/media1.brukshistoria.se\/pdf_o_thumb\/\u00c4ngelsberg.jpg\" alt = \"\u00c4ngelsberg_l\u00e5guppl\u00f6st.pdf\" \/><\/div><div class=\"sdm_download_title\">\u00c4ngelsberg_l\u00e5guppl\u00f6st.pdf<\/div><\/div><div style=\"clear:both;\"><\/div><div class=\"sdm_download_description\"><p>Samh\u00e4llet \u00c4ngelsberg fr\u00e5n mitten av 1800-talet till nutiden samt de verksamheter vilka m\u00f6jliggjort samh\u00e4llets utveckling beskrivs kortfattat. Speciell vikt har lagts p\u00e5 de industrier som under senare 1800-talet varit betydande, Engelsbergs bruk och Engelbergs Oljefabrik som r\u00e4ddades \u00e5t efterv\u00e4rlden genom de insatser Axel Ax:son Johnson gjorde. Effekter f\u00f6r \u00c4ngelsberg av att vara knutpunkt f\u00f6r j\u00e4rnv\u00e4gs- och kanaltransporter ber\u00f6rs tillsammans med det stora inflytandet av konstn\u00e4rer och deras konst.<\/p>\n<\/div><div class=\"sdm_download_size\"><span class=\"sdm_download_size_label\">Storlek: <\/span><span class=\"sdm_download_size_value\">18 MB<\/span><\/div><div class=\"sdm_download_version\"><span class=\"sdm_download_version_label\">Version: <\/span><span class=\"sdm_download_version_value\">190816<\/span><\/div><div class=\"sdm_download_link\"><span class=\"sdm_download_button\"><a href=\"https:\/\/brukshistoria.se\/?sdm_process_download=1&download_id=136\" class=\"sdm_download blue\" title=\"\u00c4ngelsberg_l\u00e5guppl\u00f6st.pdf\" target=\"_blank\">Ladda ned, klicka h\u00e4r<\/a><\/span><\/div><\/div><div class=\"sdm_download_item \"><div class=\"sdm_download_item_top\"><div class=\"sdm_download_thumbnail\"><img decoding=\"async\" class=\"sdm_download_thumbnail_image\" src=\"https:\/\/brukshistoria.se\/media1.brukshistoria.se\/pdf_o_thumb\/\u00c4ngelsberg.jpg\" alt = \"\u00c4ngelsberg.pdf\" \/><\/div><div class=\"sdm_download_title\">\u00c4ngelsberg.pdf<\/div><\/div><div style=\"clear:both;\"><\/div><div class=\"sdm_download_description\"><p>Samh\u00e4llet \u00c4ngelsberg fr\u00e5n mitten av 1800-talet till nutiden samt de verksamheter vilka m\u00f6jliggjort samh\u00e4llets utveckling beskrivs kortfattat. Speciell vikt har lagts p\u00e5 de industrier som under senare 1800-talet varit betydande, Engelsbergs bruk och Engelbergs Oljefabrik som r\u00e4ddades \u00e5t efterv\u00e4rlden genom de insatser Axel Ax:son Johnson gjorde. Effekter f\u00f6r \u00c4ngelsberg av att vara knutpunkt f\u00f6r j\u00e4rnv\u00e4gs- och kanaltransporter ber\u00f6rs tillsammans med det stora inflytandet av konstn\u00e4rer och deras konst.<\/p>\n<\/div><div class=\"sdm_download_size\"><span class=\"sdm_download_size_label\">Storlek: <\/span><span class=\"sdm_download_size_value\">62,9 MB<\/span><\/div><div class=\"sdm_download_version\"><span class=\"sdm_download_version_label\">Version: <\/span><span class=\"sdm_download_version_value\">190816<\/span><\/div><div class=\"sdm_download_link\"><span class=\"sdm_download_button\"><a href=\"https:\/\/brukshistoria.se\/?sdm_process_download=1&download_id=113\" class=\"sdm_download blue\" title=\"\u00c4ngelsberg.pdf\" target=\"_blank\">Ladda ned, klicka h\u00e4r<\/a><\/span><\/div><\/div><div class=\"sdm_clear_float\"><\/div>\n\n\n\n<h1 class=\"wp-block-heading\">Koppar, m\u00e4ssing, brons<\/h1>\n\n\n\n<div class=\"sdm_download_item \"><div class=\"sdm_download_item_top\"><div class=\"sdm_download_thumbnail\"><img decoding=\"async\" class=\"sdm_download_thumbnail_image\" src=\"https:\/\/brukshistoria.se\/media1.brukshistoria.se\/pdf_o_thumb\/Koppar_en_lang_tid_anvand_metall.jpg\" alt = \"Koppar, en l\u00e5ng tid anv\u00e4nd metall.pdf\" \/><\/div><div class=\"sdm_download_title\">Koppar, en l\u00e5ng tid anv\u00e4nd metall.pdf<\/div><\/div><div style=\"clear:both;\"><\/div><div class=\"sdm_download_description\"><p>Denna skrift beskriver grund\u00e4mnet koppar som var en av de f\u00f6rsta metaller m\u00e4nniskor anv\u00e4nde, dess f\u00f6rekomst i naturen samt framst\u00e4llning och anv\u00e4ndning genom tiderna. Kemiska processer vid kopparframst\u00e4llningen beskrivs \u00f6versiktligt och kortfattat. Koppars och dess legeringars kemiska och fysikaliska egenskaper behandlas. Svenska gruvors historia ber\u00f6rs.<br \/>\nHuvud\u00e4ndam\u00e5let \u00e4r att vara en faktareferens vid l\u00e4sning om enskilda gruvor och kopparverk men den st\u00e5r som som skrift p\u00e5 egna ben och kan d\u00e4rf\u00f6r ocks\u00e5 l\u00e4sas separat och ge en bild av koppar i allm\u00e4nhet.<\/p>\n<\/div><div class=\"sdm_download_size\"><span class=\"sdm_download_size_label\">Storlek: <\/span><span class=\"sdm_download_size_value\">18 MB<\/span><\/div><div class=\"sdm_download_version\"><span class=\"sdm_download_version_label\">Version: <\/span><span class=\"sdm_download_version_value\">230426<\/span><\/div><div class=\"sdm_download_link\"><span class=\"sdm_download_button\"><a href=\"https:\/\/brukshistoria.se\/?sdm_process_download=1&download_id=634\" class=\"sdm_download blue\" title=\"Koppar, en l\u00e5ng tid anv\u00e4nd metall.pdf\" target=\"_blank\">Ladda ned, klicka h\u00e4r<\/a><\/span><\/div><\/div><div class=\"sdm_clear_float\"><\/div>\n\n\n\n<h1 class=\"wp-block-heading\">Kopparhyttor<\/h1>\n\n\n\n<p>Det finns nu inget material under denna rubrik, det f\u00f6rbereds men det \u00e4r os\u00e4kert n\u00e4r det blir f\u00e4rdig f\u00f6r publicering.<\/p>\n\n\n\n<h1 class=\"wp-block-heading\">Silver<\/h1>\n\n\n\n<div class=\"sdm_download_item \"><div class=\"sdm_download_item_top\"><div class=\"sdm_download_thumbnail\"><img decoding=\"async\" class=\"sdm_download_thumbnail_image\" src=\"https:\/\/brukshistoria.se\/media1.brukshistoria.se\/pdf_o_thumb\/silver.jpg\" alt = \"Silver.pdf\" \/><\/div><div class=\"sdm_download_title\">Silver.pdf<\/div><\/div><div style=\"clear:both;\"><\/div><div class=\"sdm_download_description\"><p>Den h\u00e4r skriften behandlar grund\u00e4mnet och metallen silver samt dess f\u00f6rekomst i naturen, framst\u00e4llningen genom tiderna och anv\u00e4ndningen av silver. Kemiska processer beskrivs \u00f6versiktligt och kortfattat.<\/p>\n<p>Huvud\u00e4ndam\u00e5let \u00e4r att vara en faktareferens vid l\u00e4sning om enskilda silververk men skriften st\u00e5r p\u00e5 egna ben och kan d\u00e4rf\u00f6r ocks\u00e5 l\u00e4sas separat.<\/p>\n<\/div><div class=\"sdm_download_link\"><span class=\"sdm_download_button\"><a href=\"https:\/\/brukshistoria.se\/?sdm_process_download=1&download_id=484\" class=\"sdm_download blue\" title=\"Silver.pdf\" target=\"_self\">Ladda ned, klicka h\u00e4r<\/a><\/span><\/div><\/div><div class=\"sdm_clear_float\"><\/div>\n\n\n\n<h1 class=\"wp-block-heading\">Silververk<\/h1>\n\n\n\n<div class=\"sdm_download_item \"><div class=\"sdm_download_item_top\"><div class=\"sdm_download_thumbnail\"><img decoding=\"async\" class=\"sdm_download_thumbnail_image\" src=\"https:\/\/brukshistoria.se\/media1.brukshistoria.se\/pdf_o_thumb\/Nasafjalls_Silververk.jpg\" alt = \"Nasafj\u00e4lls Silververk.pdf\" \/><\/div><div class=\"sdm_download_title\">Nasafj\u00e4lls Silververk.pdf<\/div><\/div><div style=\"clear:both;\"><\/div><div class=\"sdm_download_description\"><p>Ber\u00e4ttelsen om Nasafj\u00e4lls Silververk b\u00f6rjar \u00e5r 1634 n\u00e4r samen Peder Olofsson uppt\u00e4ckte silvermalm p\u00e5 kalfj\u00e4llet Nasa i Lappland. Det v\u00e4ckte intresse i Stockholm d\u00e5 Sverige var inblandade i krig och beh\u00f6vde pengar. 1635 startades ett kronobruk f\u00f6r silverframst\u00e4llning med f\u00f6rhoppning om att finna stora rikedomar. S\u00e5 sm\u00e5ningom privatiserades silververket. Med l\u00e5nga uppeh\u00e5ll fortsatte verksamheten trots att rikedomarna lyste med sin fr\u00e5nvaro och den avslutades 1999, i varje fall tempor\u00e4rt. Nya kapitel i ber\u00e4ttelsen kan fortfarande komma.<\/p>\n<\/div><div class=\"sdm_download_size\"><span class=\"sdm_download_size_label\">Storlek: <\/span><span class=\"sdm_download_size_value\">24,6 MB<\/span><\/div><div class=\"sdm_download_version\"><span class=\"sdm_download_version_label\">Version: <\/span><span class=\"sdm_download_version_value\">220512<\/span><\/div><div class=\"sdm_download_link\"><span class=\"sdm_download_button\"><a href=\"https:\/\/brukshistoria.se\/?sdm_process_download=1&download_id=598\" class=\"sdm_download blue\" title=\"Nasafj\u00e4lls Silververk.pdf\" target=\"_blank\">Ladda ned, klicka h\u00e4r<\/a><\/span><\/div><\/div><div class=\"sdm_clear_float\"><\/div>\n","protected":false},"excerpt":{"rendered":"<p>Grund\u00e4mnen, metaller Det finns nu inget material under denna rubrik, det f\u00f6rbereds men det \u00e4r os\u00e4kert n\u00e4r det blir f\u00e4rdig f\u00f6r publicering. J\u00e4rn, st\u00e5l J\u00e4rnverk Koppar, m\u00e4ssing, brons Kopparhyttor Det finns nu inget material under denna rubrik, det f\u00f6rbereds men det \u00e4r os\u00e4kert n\u00e4r det blir f\u00e4rdig f\u00f6r publicering. Silver Silververk<\/p>\n","protected":false},"author":1,"featured_media":0,"parent":12,"menu_order":0,"comment_status":"closed","ping_status":"closed","template":"","meta":{"_monsterinsights_skip_tracking":false,"_monsterinsights_sitenote_active":false,"_monsterinsights_sitenote_note":"","_monsterinsights_sitenote_category":0,"footnotes":""},"class_list":["post-74","page","type-page","status-publish","hentry"],"_links":{"self":[{"href":"https:\/\/brukshistoria.se\/index.php?rest_route=\/wp\/v2\/pages\/74","targetHints":{"allow":["GET"]}}],"collection":[{"href":"https:\/\/brukshistoria.se\/index.php?rest_route=\/wp\/v2\/pages"}],"about":[{"href":"https:\/\/brukshistoria.se\/index.php?rest_route=\/wp\/v2\/types\/page"}],"author":[{"embeddable":true,"href":"https:\/\/brukshistoria.se\/index.php?rest_route=\/wp\/v2\/users\/1"}],"replies":[{"embeddable":true,"href":"https:\/\/brukshistoria.se\/index.php?rest_route=%2Fwp%2Fv2%2Fcomments&post=74"}],"version-history":[{"count":12,"href":"https:\/\/brukshistoria.se\/index.php?rest_route=\/wp\/v2\/pages\/74\/revisions"}],"predecessor-version":[{"id":708,"href":"https:\/\/brukshistoria.se\/index.php?rest_route=\/wp\/v2\/pages\/74\/revisions\/708"}],"up":[{"embeddable":true,"href":"https:\/\/brukshistoria.se\/index.php?rest_route=\/wp\/v2\/pages\/12"}],"wp:attachment":[{"href":"https:\/\/brukshistoria.se\/index.php?rest_route=%2Fwp%2Fv2%2Fmedia&parent=74"}],"curies":[{"name":"wp","href":"https:\/\/api.w.org\/{rel}","templated":true}]}}