{"id":71,"date":"2019-10-15T01:27:04","date_gmt":"2019-10-14T23:27:04","guid":{"rendered":"http:\/\/brukshistoria.se\/?page_id=71"},"modified":"2024-05-26T16:44:20","modified_gmt":"2024-05-26T14:44:20","slug":"kemisk-industri","status":"publish","type":"page","link":"https:\/\/brukshistoria.se\/?page_id=71","title":{"rendered":"Kemisk industri"},"content":{"rendered":"\n<h1 class=\"wp-block-heading\">Kemisk teknisk industri<\/h1>\n\n\n\n<div class=\"sdm_download_item \"><div class=\"sdm_download_item_top\"><div class=\"sdm_download_thumbnail\"><img decoding=\"async\" class=\"sdm_download_thumbnail_image\" src=\"https:\/\/brukshistoria.se\/media1.brukshistoria.se\/pdf_o_thumb\/Kvarnbyn_i_Molndal.jpg\" alt = \"Kvarnbyn i M\u00f6lndal.pdf\" \/><\/div><div class=\"sdm_download_title\">Kvarnbyn i M\u00f6lndal.pdf<\/div><\/div><div style=\"clear:both;\"><\/div><div class=\"sdm_download_description\"><p>I en s\u00e4rskilt l\u00e5ng fors i M\u00f6lndals\u00e5n byggde g\u00e5rdar i n\u00e4rheten kvarnar f\u00f6r husbehovsmalning av br\u00f6ds\u00e4d redan tidigare \u00e4n 1300-talet och s\u00e5 sm\u00e5ningom b\u00f6rjade vattenkraften i forsen anv\u00e4ndas f\u00f6r att driva kommersiella kvarnar och industrier. De f\u00f6rsta industrierna bestod av handpappersbruk, senare av maskinpappersbruk, och n\u00e4sta v\u00e5g av industrier var av kemisk-teknisk natur. Det var sockerbruk, tillverkning av linolja samt konsthartser. D\u00e4refter byggdes textil- och konfektionsindustri med spinnerier, v\u00e4verier samt kl\u00e4dtillverkning.<br \/>\nM\u00e5nga av f\u00f6retagen var stora och betydande i Sverige men lades \u00e4nd\u00e5 ned eller flyttades. De l\u00e4mnade dock efter sig byggnader och installationer fr\u00e5n senare tid invid forsen i Kvarnbyn vilka kortfattat beskrivs med deras historia i denna skrift.<\/p>\n<\/div><div class=\"sdm_download_size\"><span class=\"sdm_download_size_label\">Storlek: <\/span><span class=\"sdm_download_size_value\">72,9 MB<\/span><\/div><div class=\"sdm_download_version\"><span class=\"sdm_download_version_label\">Version: <\/span><span class=\"sdm_download_version_value\">240507<\/span><\/div><div class=\"sdm_download_link\"><span class=\"sdm_download_button\"><a href=\"https:\/\/brukshistoria.se\/?sdm_process_download=1&download_id=737\" class=\"sdm_download blue\" title=\"Kvarnbyn i M\u00f6lndal.pdf\" target=\"_self\">Ladda ned, klicka h\u00e4r<\/a><\/span><\/div><\/div><div class=\"sdm_clear_float\"><\/div>\n\n\n\n<h1 class=\"wp-block-heading\">Oljeindustri, oljeraffinaderier<\/h1>\n\n\n\n<div class=\"sdm_download_item \"><div class=\"sdm_download_item_top\"><div class=\"sdm_download_thumbnail\"><img decoding=\"async\" class=\"sdm_download_thumbnail_image\" src=\"http:\/\/brukshistoria.se\/media1.brukshistoria.se\/pdf_o_thumb\/\u00c4ngelsberg.jpg\" alt = \"\u00c4ngelsberg_l\u00e5guppl\u00f6st.pdf\" \/><\/div><div class=\"sdm_download_title\">\u00c4ngelsberg_l\u00e5guppl\u00f6st.pdf<\/div><\/div><div style=\"clear:both;\"><\/div><div class=\"sdm_download_description\"><p>Samh\u00e4llet \u00c4ngelsberg fr\u00e5n mitten av 1800-talet till nutiden samt de verksamheter vilka m\u00f6jliggjort samh\u00e4llets utveckling beskrivs kortfattat. Speciell vikt har lagts p\u00e5 de industrier som under senare 1800-talet varit betydande, Engelsbergs bruk och Engelbergs Oljefabrik som r\u00e4ddades \u00e5t efterv\u00e4rlden genom de insatser Axel Ax:son Johnson gjorde. Effekter f\u00f6r \u00c4ngelsberg av att vara knutpunkt f\u00f6r j\u00e4rnv\u00e4gs- och kanaltransporter ber\u00f6rs tillsammans med det stora inflytandet av konstn\u00e4rer och deras konst.<\/p>\n<\/div><div class=\"sdm_download_size\"><span class=\"sdm_download_size_label\">Storlek: <\/span><span class=\"sdm_download_size_value\">18 MB<\/span><\/div><div class=\"sdm_download_version\"><span class=\"sdm_download_version_label\">Version: <\/span><span class=\"sdm_download_version_value\">190816<\/span><\/div><div class=\"sdm_download_link\"><span class=\"sdm_download_button\"><a href=\"https:\/\/brukshistoria.se\/?sdm_process_download=1&download_id=136\" class=\"sdm_download blue\" title=\"\u00c4ngelsberg_l\u00e5guppl\u00f6st.pdf\" target=\"_blank\">Ladda ned, klicka h\u00e4r<\/a><\/span><\/div><\/div><div class=\"sdm_download_item \"><div class=\"sdm_download_item_top\"><div class=\"sdm_download_thumbnail\"><img decoding=\"async\" class=\"sdm_download_thumbnail_image\" src=\"https:\/\/brukshistoria.se\/media1.brukshistoria.se\/pdf_o_thumb\/\u00c4ngelsberg.jpg\" alt = \"\u00c4ngelsberg.pdf\" \/><\/div><div class=\"sdm_download_title\">\u00c4ngelsberg.pdf<\/div><\/div><div style=\"clear:both;\"><\/div><div class=\"sdm_download_description\"><p>Samh\u00e4llet \u00c4ngelsberg fr\u00e5n mitten av 1800-talet till nutiden samt de verksamheter vilka m\u00f6jliggjort samh\u00e4llets utveckling beskrivs kortfattat. Speciell vikt har lagts p\u00e5 de industrier som under senare 1800-talet varit betydande, Engelsbergs bruk och Engelbergs Oljefabrik som r\u00e4ddades \u00e5t efterv\u00e4rlden genom de insatser Axel Ax:son Johnson gjorde. Effekter f\u00f6r \u00c4ngelsberg av att vara knutpunkt f\u00f6r j\u00e4rnv\u00e4gs- och kanaltransporter ber\u00f6rs tillsammans med det stora inflytandet av konstn\u00e4rer och deras konst.<\/p>\n<\/div><div class=\"sdm_download_size\"><span class=\"sdm_download_size_label\">Storlek: <\/span><span class=\"sdm_download_size_value\">62,9 MB<\/span><\/div><div class=\"sdm_download_version\"><span class=\"sdm_download_version_label\">Version: <\/span><span class=\"sdm_download_version_value\">190816<\/span><\/div><div class=\"sdm_download_link\"><span class=\"sdm_download_button\"><a href=\"https:\/\/brukshistoria.se\/?sdm_process_download=1&download_id=113\" class=\"sdm_download blue\" title=\"\u00c4ngelsberg.pdf\" target=\"_blank\">Ladda ned, klicka h\u00e4r<\/a><\/span><\/div><\/div><div class=\"sdm_clear_float\"><\/div>\n","protected":false},"excerpt":{"rendered":"<p>Kemisk teknisk industri Oljeindustri, oljeraffinaderier<\/p>\n","protected":false},"author":1,"featured_media":0,"parent":12,"menu_order":0,"comment_status":"closed","ping_status":"closed","template":"","meta":{"_monsterinsights_skip_tracking":false,"_monsterinsights_sitenote_active":false,"_monsterinsights_sitenote_note":"","_monsterinsights_sitenote_category":0,"footnotes":""},"class_list":["post-71","page","type-page","status-publish","hentry"],"_links":{"self":[{"href":"https:\/\/brukshistoria.se\/index.php?rest_route=\/wp\/v2\/pages\/71","targetHints":{"allow":["GET"]}}],"collection":[{"href":"https:\/\/brukshistoria.se\/index.php?rest_route=\/wp\/v2\/pages"}],"about":[{"href":"https:\/\/brukshistoria.se\/index.php?rest_route=\/wp\/v2\/types\/page"}],"author":[{"embeddable":true,"href":"https:\/\/brukshistoria.se\/index.php?rest_route=\/wp\/v2\/users\/1"}],"replies":[{"embeddable":true,"href":"https:\/\/brukshistoria.se\/index.php?rest_route=%2Fwp%2Fv2%2Fcomments&post=71"}],"version-history":[{"count":14,"href":"https:\/\/brukshistoria.se\/index.php?rest_route=\/wp\/v2\/pages\/71\/revisions"}],"predecessor-version":[{"id":740,"href":"https:\/\/brukshistoria.se\/index.php?rest_route=\/wp\/v2\/pages\/71\/revisions\/740"}],"up":[{"embeddable":true,"href":"https:\/\/brukshistoria.se\/index.php?rest_route=\/wp\/v2\/pages\/12"}],"wp:attachment":[{"href":"https:\/\/brukshistoria.se\/index.php?rest_route=%2Fwp%2Fv2%2Fmedia&parent=71"}],"curies":[{"name":"wp","href":"https:\/\/api.w.org\/{rel}","templated":true}]}}