{"id":63,"date":"2019-10-15T01:13:19","date_gmt":"2019-10-14T23:13:19","guid":{"rendered":"http:\/\/brukshistoria.se\/?page_id=63"},"modified":"2023-10-29T12:18:57","modified_gmt":"2023-10-29T11:18:57","slug":"glasbruk-och-glashyttor","status":"publish","type":"page","link":"https:\/\/brukshistoria.se\/?page_id=63","title":{"rendered":"Glasbruk och hyttor"},"content":{"rendered":"\n<h1 class=\"wp-block-heading has-text-align-left\"><mark style=\"background-color:rgba(0, 0, 0, 0)\" class=\"has-inline-color has-black-color\">Glas, material och bruk<\/mark><\/h1>\n\n\n\n<div class=\"sdm_download_item \"><div class=\"sdm_download_item_top\"><div class=\"sdm_download_thumbnail\"><\/div><div class=\"sdm_download_title\">Glasbruk och hyttor.pdf<\/div><\/div><div style=\"clear:both;\"><\/div><div class=\"sdm_download_description\"><p>Detta \u00e4r en sammanst\u00e4llning av de flesta svenska glasbruk och glashyttor som har producerat glasvaror och planglas. Sammanst\u00e4llningen \u00e4r gjord i listform och grupperar de enskilda objekten efter deras l\u00e4ge i landskap och kommun. Glasproduktionens start\u00e5r f\u00f6r bruken anges och tiden f\u00f6r deras nerl\u00e4ggning anges ocks\u00e5. Listan har reviderats.<\/p>\n<\/div><div class=\"sdm_download_size\"><span class=\"sdm_download_size_label\">Storlek: <\/span><span class=\"sdm_download_size_value\">107 kB<\/span><\/div><div class=\"sdm_download_version\"><span class=\"sdm_download_version_label\">Version: <\/span><span class=\"sdm_download_version_value\">230612-01<\/span><\/div><div class=\"sdm_download_link\"><span class=\"sdm_download_button\"><a href=\"https:\/\/brukshistoria.se\/?sdm_process_download=1&download_id=300\" class=\"sdm_download blue\" title=\"Glasbruk och hyttor.pdf\" target=\"_blank\">Ladda ned, klicka h\u00e4r<\/a><\/span><\/div><\/div><div class=\"sdm_clear_float\"><\/div>\n\n\n\n<h1 class=\"wp-block-heading\">Beskrivning av enskilda glasbruk<\/h1>\n\n\n\n<p>Det finns nu inget material under denna rubrik, det f\u00f6rbereds men det \u00e4r os\u00e4kert n\u00e4r det blir f\u00e4rdig f\u00f6r publicering.<\/p>\n","protected":false},"excerpt":{"rendered":"<p>Glas, material och bruk Beskrivning av enskilda glasbruk Det finns nu inget material under denna rubrik, det f\u00f6rbereds men det \u00e4r os\u00e4kert n\u00e4r det blir f\u00e4rdig f\u00f6r publicering.<\/p>\n","protected":false},"author":1,"featured_media":0,"parent":12,"menu_order":0,"comment_status":"closed","ping_status":"closed","template":"","meta":{"_monsterinsights_skip_tracking":false,"_monsterinsights_sitenote_active":false,"_monsterinsights_sitenote_note":"","_monsterinsights_sitenote_category":0,"footnotes":""},"class_list":["post-63","page","type-page","status-publish","hentry"],"_links":{"self":[{"href":"https:\/\/brukshistoria.se\/index.php?rest_route=\/wp\/v2\/pages\/63","targetHints":{"allow":["GET"]}}],"collection":[{"href":"https:\/\/brukshistoria.se\/index.php?rest_route=\/wp\/v2\/pages"}],"about":[{"href":"https:\/\/brukshistoria.se\/index.php?rest_route=\/wp\/v2\/types\/page"}],"author":[{"embeddable":true,"href":"https:\/\/brukshistoria.se\/index.php?rest_route=\/wp\/v2\/users\/1"}],"replies":[{"embeddable":true,"href":"https:\/\/brukshistoria.se\/index.php?rest_route=%2Fwp%2Fv2%2Fcomments&post=63"}],"version-history":[{"count":17,"href":"https:\/\/brukshistoria.se\/index.php?rest_route=\/wp\/v2\/pages\/63\/revisions"}],"predecessor-version":[{"id":692,"href":"https:\/\/brukshistoria.se\/index.php?rest_route=\/wp\/v2\/pages\/63\/revisions\/692"}],"up":[{"embeddable":true,"href":"https:\/\/brukshistoria.se\/index.php?rest_route=\/wp\/v2\/pages\/12"}],"wp:attachment":[{"href":"https:\/\/brukshistoria.se\/index.php?rest_route=%2Fwp%2Fv2%2Fmedia&parent=63"}],"curies":[{"name":"wp","href":"https:\/\/api.w.org\/{rel}","templated":true}]}}