{"id":547,"date":"2022-01-21T17:41:47","date_gmt":"2022-01-21T16:41:47","guid":{"rendered":"https:\/\/brukshistoria.se\/?page_id=547"},"modified":"2022-02-04T16:28:29","modified_gmt":"2022-02-04T15:28:29","slug":"sprangning-i-bergtakt","status":"publish","type":"page","link":"https:\/\/brukshistoria.se\/?page_id=547","title":{"rendered":"Spr\u00e4ngning i bergt\u00e4kt"},"content":{"rendered":"\n<div id=\"wpfp_bd317cab1da8ddcd0b8771d1949b5880\" data-item=\"{&quot;sources&quot;:[{&quot;src&quot;:&quot;https:\\\/\\\/brukshistoria.se\\\/media1.brukshistoria.se\\\/pdf_o_thumb\\\/Sprangning.mp4&quot;,&quot;type&quot;:&quot;video\\\/mp4&quot;}],&quot;id&quot;:&quot;6&quot;,&quot;splash&quot;:&quot;https:\\\/\\\/brukshistoria.se\\\/media1.brukshistoria.se\\\/pdf_o_thumb\\\/Sprangning.jpg&quot;}\" class=\"flowplayer no-brand is-splash is-paused skin-slim no-svg fp-slim fp-edgy\" data-fv-embed=\"https:\/\/brukshistoria.se\/?page_id=547&amp;fv_player_embed=fvp-6\" style=\"position:relative; max-width: 1280px; max-height: 720px; \" data-ratio=\"0.5625\">\n\t<div class=\"fp-ratio\" style=\"padding-top: 56.25%\"><\/div>\n\t<img decoding=\"async\" class=\"fp-splash\" alt=\"video\" src=\"https:\/\/brukshistoria.se\/media1.brukshistoria.se\/pdf_o_thumb\/Sprangning.jpg\" style=\"position:absolute;top:0;width:100%\" \/>\n\t<div class=\"fp-ui\"><noscript>Please enable JavaScript<\/noscript><div class=\"fp-play fp-visible\"><svg class=\"fp-play-sharp-fill\" xmlns=\"http:\/\/www.w3.org\/2000\/svg\" viewBox=\"0 0 100 100\"><defs><style>.fp-color-play{opacity:0.65;}.controlbutton{fill:#fff;}<\/style><\/defs><title>play-sharp-fill<\/title><path class=\"fp-color-play\" d=\"M49.9217-.078a50,50,0,1,0,50,50A50.0564,50.0564,0,0,0,49.9217-.078Z\"\/><polygon class=\"controlbutton\" points=\"73.601 50 37.968 70.573 37.968 29.427 73.601 50\" filter=\"url(#f1)\"\/><\/svg><\/div><div class=\"fp-preload\"><b><\/b><b><\/b><b><\/b><b><\/b><\/div><\/div>\n<div class='fvp-share-bar'><ul class=\"fvp-sharing\">\r\n    <li><a class=\"sharing-facebook\" href=\"https:\/\/www.facebook.com\/sharer\/sharer.php?u=https%3A%2F%2Fbrukshistoria.se%2F%3Fpage_id%3D547\" target=\"_blank\"><\/a><\/li>\r\n    <li><a class=\"sharing-twitter\" href=\"https:\/\/twitter.com\/intent\/tweet?text=BRUKSHISTORIA+&url=https%3A%2F%2Fbrukshistoria.se%2F%3Fpage_id%3D547\" target=\"_blank\"><\/a><\/li>\r\n    <li><a class=\"sharing-email\" href=\"mailto:?body=Check%20out%20the%20amazing%20video%20here%3A%20https%3A%2F%2Fbrukshistoria.se%2F%3Fpage_id%3D547\" target=\"_blank\"><\/a><\/li><\/ul><div><a class=\"sharing-link\" href=\"https:\/\/brukshistoria.se\/?page_id=547\" target=\"_blank\">Link<\/a><\/div><div><label><a class=\"embed-code-toggle\" href=\"#\"><strong>Embed<\/strong><\/a><\/label><\/div><div class=\"embed-code\"><label>Copy and paste this HTML code into your webpage to embed.<\/label><textarea><\/textarea><\/div><\/div>\n<\/div>\n\n\n\n\n<p>Videoklippet visar en mindre pallbrytning i en bergt\u00e4kt. Borrh\u00e5len \u00e4r klara och laddningen \u00e4r gjord. Ungef\u00e4r 10 sekunder in i videon t\u00e4nds spr\u00e4ngladdningarna och explosionsgaserna tr\u00e4nger ut ur borrh\u00e5len samtidigt som gaserna b\u00f6rjar bryta s\u00f6nder bergv\u00e4ggen, den bular ut och ett stort dammoln bildas. N\u00e4r dammet l\u00e4gger sig syns m\u00e4rkena efter borrh\u00e5len som vita vertikala linjer p\u00e5 bergv\u00e4ggen och h\u00f6gen av krossat berg framf\u00f6r bergv\u00e4ggen.<\/p>\n\n\n\n<p>Filmen \u00e4r fotograferad av Ivar Sten f\u00f6r Gudmussons Kross &amp; \u00c5keri AB i S\u00e4len. Videon \u00e4r h\u00e4mtad fr\u00e5n YouTube.  <\/p>\n","protected":false},"excerpt":{"rendered":"<p>Videoklippet visar en mindre pallbrytning i en bergt\u00e4kt. Borrh\u00e5len \u00e4r klara och laddningen \u00e4r gjord. Ungef\u00e4r 10 sekunder in i videon t\u00e4nds spr\u00e4ngladdningarna och explosionsgaserna tr\u00e4nger ut ur borrh\u00e5len samtidigt som gaserna b\u00f6rjar bryta s\u00f6nder bergv\u00e4ggen, den bular ut och ett stort dammoln bildas. N\u00e4r dammet l\u00e4gger sig syns m\u00e4rkena efter borrh\u00e5len som vita vertikala &hellip; <\/p>\n<p class=\"link-more\"><a href=\"https:\/\/brukshistoria.se\/?page_id=547\" class=\"more-link\">Forts\u00e4tt l\u00e4sa<span class=\"screen-reader-text\"> \u201dSpr\u00e4ngning i bergt\u00e4kt\u201d<\/span><\/a><\/p>\n","protected":false},"author":1,"featured_media":0,"parent":164,"menu_order":0,"comment_status":"closed","ping_status":"closed","template":"","meta":{"_monsterinsights_skip_tracking":false,"_monsterinsights_sitenote_active":false,"_monsterinsights_sitenote_note":"","_monsterinsights_sitenote_category":0,"footnotes":""},"class_list":["post-547","page","type-page","status-publish","hentry"],"_links":{"self":[{"href":"https:\/\/brukshistoria.se\/index.php?rest_route=\/wp\/v2\/pages\/547","targetHints":{"allow":["GET"]}}],"collection":[{"href":"https:\/\/brukshistoria.se\/index.php?rest_route=\/wp\/v2\/pages"}],"about":[{"href":"https:\/\/brukshistoria.se\/index.php?rest_route=\/wp\/v2\/types\/page"}],"author":[{"embeddable":true,"href":"https:\/\/brukshistoria.se\/index.php?rest_route=\/wp\/v2\/users\/1"}],"replies":[{"embeddable":true,"href":"https:\/\/brukshistoria.se\/index.php?rest_route=%2Fwp%2Fv2%2Fcomments&post=547"}],"version-history":[{"count":4,"href":"https:\/\/brukshistoria.se\/index.php?rest_route=\/wp\/v2\/pages\/547\/revisions"}],"predecessor-version":[{"id":554,"href":"https:\/\/brukshistoria.se\/index.php?rest_route=\/wp\/v2\/pages\/547\/revisions\/554"}],"up":[{"embeddable":true,"href":"https:\/\/brukshistoria.se\/index.php?rest_route=\/wp\/v2\/pages\/164"}],"wp:attachment":[{"href":"https:\/\/brukshistoria.se\/index.php?rest_route=%2Fwp%2Fv2%2Fmedia&parent=547"}],"curies":[{"name":"wp","href":"https:\/\/api.w.org\/{rel}","templated":true}]}}