{"id":25,"date":"2019-10-14T12:08:51","date_gmt":"2019-10-14T10:08:51","guid":{"rendered":"http:\/\/brukshistoria.se\/?page_id=25"},"modified":"2020-01-22T17:51:30","modified_gmt":"2020-01-22T16:51:30","slug":"integritetspolicy","status":"publish","type":"page","link":"https:\/\/brukshistoria.se\/?page_id=25","title":{"rendered":"INTEGRITET"},"content":{"rendered":"\n<p>BRUKSHISTORIA.SE v\u00e4rnar starkt om sitens bes\u00f6kares integritet\noch persondata. D\u00e4rf\u00f6r saknas medlemskap, registrering och inloggning f\u00f6r att\nkomma \u00e5t texter och bilder som publicerats p\u00e5 siten. Bes\u00f6karen ska kunna h\u00e4mta\nmaterial fritt och n\u00e4stan anonymt. IP-numret \u00e4r den enda uppgift som l\u00e4mnas\ntill BRUKSHISTORIA.SE, om n\u00e5gon aktivt saboterar denna site blir det l\u00e4ttare att\nfinna missd\u00e5daren. Endast i ett s\u00e5dant fall kommer IP-numret att l\u00e4mnas ut fr\u00e5n\nBRUKSHISTORIA.SE. <\/p>\n\n\n\n<p>Personers individuella anv\u00e4ndardata kommer inte att delas med andra organisationer. Data om BRUKSHISTORIA.SEs sammanlagda trafik kan l\u00e4mnas ut men det ska inte vara m\u00f6jligt att den v\u00e4gen komma \u00e5t individers anv\u00e4ndning.<\/p>\n\n\n\n<p>Vissa nedladdningar \u00e4r dock skyddade av ett l\u00f6senord p\u00e5\ngrund av att n\u00e5gon portr\u00e4tterad person har kr\u00e4vt s\u00e4rskilda villkor f\u00f6r att\ninneh\u00e5llet inte ska n\u00e5 \u201dhela v\u00e4rlden\u201d. Skulle du vilja l\u00e4sa ett skyddat\ndokument m\u00e5ste du kontakta BRUKSHISTORIA.SE genom KONTAKT-funktionen i\nhuvudmenyn. Efter pr\u00f6vning f\u00e5r du l\u00f6senordet med e-post.<\/p>\n\n\n\n<p>Om du kontaktar BRUKSHISTORIA.SE via KONTAKT-funktionen i\nhuvudmenyn kommer du att kr\u00e4vas p\u00e5 ett namn och din e-postadress innan\nmeddelandet kan s\u00e4ndas. Detta f\u00f6r att m\u00f6jligg\u00f6ra en dialog. Dessa uppgifter\nlagras av BRUKSHISTORIA.SE tills dialogen \u00e4r avslutad, d\u00e4refter raderas\nuppgifterna.<\/p>\n\n\n\n<p>P\u00e5 denna site finns l\u00e4nklistor och eventuellt annonser.\nT\u00e4nk p\u00e5 att de webbsiter l\u00e4nkarna leder till kanske har andra s\u00e4tt att hantera\npersonuppgifter och anv\u00e4ndardata.<\/p>\n\n\n\n<p>Har du n\u00e5gra fr\u00e5gor, s\u00e4nd dem via KONTAKT-funktionen i\nhuvudmenyn.<\/p>\n\n\n\n<p>H\u00e4r kan det ocks\u00e5 vara l\u00e4mpligt att tala om att nyheter p\u00e5 siten redovisas under rubriken NYTT i huvudmenyn. D\u00e4r publiceras nya titlar och nya versioner av gamla titlar. D\u00e4r ligger de kvar under ungef\u00e4r en m\u00e5nad innan de plockas bort fr\u00e5n NYTT. Det enklaste s\u00e4ttet att kontrollera intresserande nyheter \u00e4r att g\u00e5 in p\u00e5 siten regelbundet varje m\u00e5nad. Skulle det inte passa dig kan du via KONTAKT best\u00e4lla ett enkelt nyhetsbrev som sk\u00f6ts med hj\u00e4lp av ett manuellt hanterat separat datorsystem.<\/p>\n","protected":false},"excerpt":{"rendered":"<p>BRUKSHISTORIA.SE v\u00e4rnar starkt om sitens bes\u00f6kares integritet och persondata. D\u00e4rf\u00f6r saknas medlemskap, registrering och inloggning f\u00f6r att komma \u00e5t texter och bilder som publicerats p\u00e5 siten. Bes\u00f6karen ska kunna h\u00e4mta material fritt och n\u00e4stan anonymt. IP-numret \u00e4r den enda uppgift som l\u00e4mnas till BRUKSHISTORIA.SE, om n\u00e5gon aktivt saboterar denna site blir det l\u00e4ttare att finna &hellip; <\/p>\n<p class=\"link-more\"><a href=\"https:\/\/brukshistoria.se\/?page_id=25\" class=\"more-link\">Forts\u00e4tt l\u00e4sa<span class=\"screen-reader-text\"> \u201dINTEGRITET\u201d<\/span><\/a><\/p>\n","protected":false},"author":1,"featured_media":0,"parent":0,"menu_order":0,"comment_status":"closed","ping_status":"closed","template":"","meta":{"_monsterinsights_skip_tracking":false,"_monsterinsights_sitenote_active":false,"_monsterinsights_sitenote_note":"","_monsterinsights_sitenote_category":0,"footnotes":""},"class_list":["post-25","page","type-page","status-publish","hentry"],"_links":{"self":[{"href":"https:\/\/brukshistoria.se\/index.php?rest_route=\/wp\/v2\/pages\/25","targetHints":{"allow":["GET"]}}],"collection":[{"href":"https:\/\/brukshistoria.se\/index.php?rest_route=\/wp\/v2\/pages"}],"about":[{"href":"https:\/\/brukshistoria.se\/index.php?rest_route=\/wp\/v2\/types\/page"}],"author":[{"embeddable":true,"href":"https:\/\/brukshistoria.se\/index.php?rest_route=\/wp\/v2\/users\/1"}],"replies":[{"embeddable":true,"href":"https:\/\/brukshistoria.se\/index.php?rest_route=%2Fwp%2Fv2%2Fcomments&post=25"}],"version-history":[{"count":6,"href":"https:\/\/brukshistoria.se\/index.php?rest_route=\/wp\/v2\/pages\/25\/revisions"}],"predecessor-version":[{"id":313,"href":"https:\/\/brukshistoria.se\/index.php?rest_route=\/wp\/v2\/pages\/25\/revisions\/313"}],"wp:attachment":[{"href":"https:\/\/brukshistoria.se\/index.php?rest_route=%2Fwp%2Fv2%2Fmedia&parent=25"}],"curies":[{"name":"wp","href":"https:\/\/api.w.org\/{rel}","templated":true}]}}