{"id":240,"date":"2019-10-17T22:56:55","date_gmt":"2019-10-17T20:56:55","guid":{"rendered":"https:\/\/brukshistoria.se\/?page_id=240"},"modified":"2019-12-02T23:31:24","modified_gmt":"2019-12-02T22:31:24","slug":"nyheter","status":"publish","type":"page","link":"https:\/\/brukshistoria.se\/?page_id=240","title":{"rendered":"NYTT"},"content":{"rendered":"\n<p>Nya skrifter och nya versioner av gamla titlar publiceras under sina branschomr\u00e5den. Dessutom l\u00e4ggs allt nytt material under denna rubrik (NYTT)  i ungef\u00e4r en m\u00e5nads tid f\u00f6r att nyheterna  l\u00e4ttare ska uppt\u00e4ckas..<\/p>\n\n\n\n<div class=\"sdm_download_item \"><div class=\"sdm_download_item_top\"><div class=\"sdm_download_thumbnail\"><img decoding=\"async\" class=\"sdm_download_thumbnail_image\" src=\"https:\/\/brukshistoria.se\/media1.brukshistoria.se\/pdf_o_thumb\/Norberg_bygge_pa_jarnmalm.jpg\" alt = \"Norberg, bygge p\u00e5 j\u00e4rnmalm\" \/><\/div><div class=\"sdm_download_title\">Norberg, bygge p\u00e5 j\u00e4rnmalm<\/div><\/div><div style=\"clear:both;\"><\/div><div class=\"sdm_download_description\"><p>Norberg, en obetydlig v\u00e4stmanl\u00e4ndsk bondby som blivit rikt gynnad av jordens\u00a0 geologiska processer och redan i mitten av 1300-talet vuxit ut till ett svenskt centrum f\u00f6r brytning j\u00e4rnmalm. Malmen fanns i b\u00e5de st\u00f6rre och mindre malmkroppar under s\u00e5v\u00e4l samh\u00e4lle som landsbygdsmark. Gruvbrytning och i viss m\u00e5n malmf\u00f6r\u00e4dling gav inkomster \u00e5t m\u00e4nniskor i Norbergs kommun och bergslag tills den internationella st\u00e5lkrisen br\u00f6t ut i slutet av 1960-talet och n\u00e4stan alla svenska gruvsamh\u00e4llen f\u00f6rlorade sin f\u00f6dkrok.<br \/>\nF\u00f6r intresserade finns mer detaljerade beskrivningar om gruvbrytning i<br \/>\n<em>Gruvdrift under 2500 \u00e5r<\/em> och om j\u00e4rnframst\u00e4llning i <em>J\u00e4rn och st\u00e5l<\/em> av samma f\u00f6rfattare.<\/p>\n<\/div><div class=\"sdm_download_size\"><span class=\"sdm_download_size_label\">Storlek: <\/span><span class=\"sdm_download_size_value\">110 MB<\/span><\/div><div class=\"sdm_download_version\"><span class=\"sdm_download_version_label\">Version: <\/span><span class=\"sdm_download_version_value\">241202<\/span><\/div><div class=\"sdm_download_link\"><span class=\"sdm_download_button\"><a href=\"https:\/\/brukshistoria.se\/?sdm_process_download=1&download_id=752\" class=\"sdm_download blue\" title=\"Norberg, bygge p\u00e5 j\u00e4rnmalm\" target=\"_blank\">Ladda ned, klicka h\u00e4r<\/a><\/span><\/div><\/div><div class=\"sdm_download_item \"><div class=\"sdm_download_item_top\"><div class=\"sdm_download_thumbnail\"><img decoding=\"async\" class=\"sdm_download_thumbnail_image\" src=\"https:\/\/brukshistoria.se\/media1.brukshistoria.se\/pdf_o_thumb\/Gruvdrift_under_2500_ar.jpg\" alt = \"Gruvdrift under 2500 \u00e5r.pdf\" \/><\/div><div class=\"sdm_download_title\">Gruvdrift under 2500 \u00e5r.pdf<\/div><\/div><div style=\"clear:both;\"><\/div><div class=\"sdm_download_description\"><p>Denna skrift behandlar malms bildande, gruvor, gruvbrytning i allm\u00e4nhet och brytningens historia under de senaste 2500 \u00e5ren. Skriften behandlar bara metallmalmer och deras hantering samt beskriver gruvindustrins arbetss\u00e4tt och malmf\u00f6r\u00e4dling samt f\u00f6rklarar enkelt anv\u00e4nda begrepp och facktermer. Gruvindustrin utveckling och framtid ber\u00f6rs tillsammans med de nu s\u00e5 aktuella milj\u00f6fr\u00e5gorna.<br \/>\nHuvud\u00e4ndam\u00e5let \u00e4r att vara en faktareferens vid l\u00e4sning av ber\u00e4ttelser om enskilda gruvor, skriften kan ocks\u00e5 l\u00e4sas separat f\u00f6r att ge en bild av en bransch som nu best\u00e5r av f\u00e5 men stora f\u00f6retag.<br \/>\nSkriften \u00e4r reviderad, beskrivningen av tillmakning r\u00e4ttad och spr\u00e5kfel korrigerade.<\/p>\n<\/div><div class=\"sdm_download_size\"><span class=\"sdm_download_size_label\">Storlek: <\/span><span class=\"sdm_download_size_value\">73,6 MB<\/span><\/div><div class=\"sdm_download_version\"><span class=\"sdm_download_version_label\">Version: <\/span><span class=\"sdm_download_version_value\">250130<\/span><\/div><div class=\"sdm_download_link\"><span class=\"sdm_download_button\"><a href=\"https:\/\/brukshistoria.se\/?sdm_process_download=1&download_id=560\" class=\"sdm_download blue\" title=\"Gruvdrift under 2500 \u00e5r.pdf\" target=\"_blank\">Ladda ned, klicka h\u00e4r<\/a><\/span><\/div><\/div><div class=\"sdm_download_item \"><div class=\"sdm_download_item_top\"><div class=\"sdm_download_thumbnail\"><img decoding=\"async\" class=\"sdm_download_thumbnail_image\" src=\"https:\/\/brukshistoria.se\/media1.brukshistoria.se\/pdf_o_thumb\/S\u00f6rstafors_Pappersbruk.jpg\" alt = \"S\u00f6rstafors Pappersbruk.pdf\" \/><\/div><div class=\"sdm_download_title\">S\u00f6rstafors Pappersbruk.pdf<\/div><\/div><div style=\"clear:both;\"><\/div><div class=\"sdm_download_description\"><p align=\"LEFT\">Skriften beskriver kortfattat historien om S\u00f6rstafors Pappersbruk fr\u00e5n 1871 n\u00e4r ett tr\u00e4sliperi startade med massatillverkning och elva \u00e5r senare n\u00e4r papper b\u00f6rjade produceras och d\u00e4refter starten av ett sulfitmassabruk \u00e4nda fram till 1966 n\u00e4r hela bruket lades ner. Bruksbyggnaderna som till st\u00f6rsta delen st\u00e5r kvar och de anst\u00e4lldas bost\u00e4der p\u00e5 industriorten beskrivs.<br \/>\nSkriften som ursprungligen publicerades 2018 har reviderats 2024 med f\u00f6rtydligande p\u00e5 n\u00e5gra st\u00e4llen och justering av n\u00e5gra f\u00e5 faktafel men har inte f\u00f6rl\u00e4ngts i tiden.<br \/>\nSkriften \u2018Papperstillverkning\u2019 av samma f\u00f6rfattare rekommenderas f\u00f6r den som vill ha en faktareferens och veta mer om maskiner, metoder och arbetss\u00e4tt inom pappersindustrin.<\/p>\n<\/div><div class=\"sdm_download_size\"><span class=\"sdm_download_size_label\">Storlek: <\/span><span class=\"sdm_download_size_value\">49,7 MB<\/span><\/div><div class=\"sdm_download_version\"><span class=\"sdm_download_version_label\">Version: <\/span><span class=\"sdm_download_version_value\">240724<\/span><\/div><div class=\"sdm_download_link\"><span class=\"sdm_download_button\"><a href=\"https:\/\/brukshistoria.se\/?sdm_process_download=1&download_id=161\" class=\"sdm_download blue\" title=\"S\u00f6rstafors Pappersbruk.pdf\" target=\"_blank\">Ladda ned, klicka h\u00e4r<\/a><\/span><\/div><\/div><div class=\"sdm_clear_float\"><\/div>\n","protected":false},"excerpt":{"rendered":"<p>Nya skrifter och nya versioner av gamla titlar publiceras under sina branschomr\u00e5den. Dessutom l\u00e4ggs allt nytt material under denna rubrik (NYTT) i ungef\u00e4r en m\u00e5nads tid f\u00f6r att nyheterna l\u00e4ttare ska uppt\u00e4ckas..<\/p>\n","protected":false},"author":1,"featured_media":0,"parent":0,"menu_order":0,"comment_status":"closed","ping_status":"closed","template":"","meta":{"_monsterinsights_skip_tracking":false,"_monsterinsights_sitenote_active":false,"_monsterinsights_sitenote_note":"","_monsterinsights_sitenote_category":0,"footnotes":""},"class_list":["post-240","page","type-page","status-publish","hentry"],"_links":{"self":[{"href":"https:\/\/brukshistoria.se\/index.php?rest_route=\/wp\/v2\/pages\/240","targetHints":{"allow":["GET"]}}],"collection":[{"href":"https:\/\/brukshistoria.se\/index.php?rest_route=\/wp\/v2\/pages"}],"about":[{"href":"https:\/\/brukshistoria.se\/index.php?rest_route=\/wp\/v2\/types\/page"}],"author":[{"embeddable":true,"href":"https:\/\/brukshistoria.se\/index.php?rest_route=\/wp\/v2\/users\/1"}],"replies":[{"embeddable":true,"href":"https:\/\/brukshistoria.se\/index.php?rest_route=%2Fwp%2Fv2%2Fcomments&post=240"}],"version-history":[{"count":7,"href":"https:\/\/brukshistoria.se\/index.php?rest_route=\/wp\/v2\/pages\/240\/revisions"}],"predecessor-version":[{"id":286,"href":"https:\/\/brukshistoria.se\/index.php?rest_route=\/wp\/v2\/pages\/240\/revisions\/286"}],"wp:attachment":[{"href":"https:\/\/brukshistoria.se\/index.php?rest_route=%2Fwp%2Fv2%2Fmedia&parent=240"}],"curies":[{"name":"wp","href":"https:\/\/api.w.org\/{rel}","templated":true}]}}