{"id":221,"date":"2019-10-17T19:02:04","date_gmt":"2019-10-17T17:02:04","guid":{"rendered":"https:\/\/brukshistoria.se\/?page_id=221"},"modified":"2023-10-28T19:11:27","modified_gmt":"2023-10-28T17:11:27","slug":"gruvor-och-malmhantering","status":"publish","type":"page","link":"https:\/\/brukshistoria.se\/?page_id=221","title":{"rendered":"Gruvor och malmhantering"},"content":{"rendered":"\n<h1 class=\"wp-block-heading\">Gruvor och malm<\/h1>\n\n\n\n<div class=\"sdm_download_item \"><div class=\"sdm_download_item_top\"><div class=\"sdm_download_thumbnail\"><img decoding=\"async\" class=\"sdm_download_thumbnail_image\" src=\"https:\/\/brukshistoria.se\/media1.brukshistoria.se\/pdf_o_thumb\/Gruvdrift_under_2500_ar.jpg\" alt = \"Gruvdrift under 2500 \u00e5r.pdf\" \/><\/div><div class=\"sdm_download_title\">Gruvdrift under 2500 \u00e5r.pdf<\/div><\/div><div style=\"clear:both;\"><\/div><div class=\"sdm_download_description\"><p>Denna skrift behandlar malms bildande, gruvor, gruvbrytning i allm\u00e4nhet och brytningens historia under de senaste 2500 \u00e5ren. Skriften behandlar bara metallmalmer och deras hantering samt beskriver gruvindustrins arbetss\u00e4tt och malmf\u00f6r\u00e4dling samt f\u00f6rklarar enkelt anv\u00e4nda begrepp och facktermer. Gruvindustrin utveckling och framtid ber\u00f6rs tillsammans med de nu s\u00e5 aktuella milj\u00f6fr\u00e5gorna.<br \/>\nHuvud\u00e4ndam\u00e5let \u00e4r att vara en faktareferens vid l\u00e4sning av ber\u00e4ttelser om enskilda gruvor, skriften kan ocks\u00e5 l\u00e4sas separat f\u00f6r att ge en bild av en bransch som nu best\u00e5r av f\u00e5 men stora f\u00f6retag.<br \/>\nSkriften \u00e4r reviderad, beskrivningen av tillmakning r\u00e4ttad och spr\u00e5kfel korrigerade.<\/p>\n<\/div><div class=\"sdm_download_size\"><span class=\"sdm_download_size_label\">Storlek: <\/span><span class=\"sdm_download_size_value\">73,6 MB<\/span><\/div><div class=\"sdm_download_version\"><span class=\"sdm_download_version_label\">Version: <\/span><span class=\"sdm_download_version_value\">250130<\/span><\/div><div class=\"sdm_download_link\"><span class=\"sdm_download_button\"><a href=\"https:\/\/brukshistoria.se\/?sdm_process_download=1&download_id=560\" class=\"sdm_download blue\" title=\"Gruvdrift under 2500 \u00e5r.pdf\" target=\"_blank\">Ladda ned, klicka h\u00e4r<\/a><\/span><\/div><\/div><div class=\"sdm_clear_float\"><\/div>\n\n\n\n<h1 class=\"wp-block-heading\">J\u00e4rngruvor<\/h1>\n\n\n\n<div class=\"sdm_download_item \"><div class=\"sdm_download_item_top\"><div class=\"sdm_download_thumbnail\"><img decoding=\"async\" class=\"sdm_download_thumbnail_image\" src=\"https:\/\/brukshistoria.se\/media1.brukshistoria.se\/pdf_o_thumb\/Norberg_bygge_pa_jarnmalm.jpg\" alt = \"Norberg, bygge p\u00e5 j\u00e4rnmalm\" \/><\/div><div class=\"sdm_download_title\">Norberg, bygge p\u00e5 j\u00e4rnmalm<\/div><\/div><div style=\"clear:both;\"><\/div><div class=\"sdm_download_description\"><p>Norberg, en obetydlig v\u00e4stmanl\u00e4ndsk bondby som blivit rikt gynnad av jordens\u00a0 geologiska processer och redan i mitten av 1300-talet vuxit ut till ett svenskt centrum f\u00f6r brytning j\u00e4rnmalm. Malmen fanns i b\u00e5de st\u00f6rre och mindre malmkroppar under s\u00e5v\u00e4l samh\u00e4lle som landsbygdsmark. Gruvbrytning och i viss m\u00e5n malmf\u00f6r\u00e4dling gav inkomster \u00e5t m\u00e4nniskor i Norbergs kommun och bergslag tills den internationella st\u00e5lkrisen br\u00f6t ut i slutet av 1960-talet och n\u00e4stan alla svenska gruvsamh\u00e4llen f\u00f6rlorade sin f\u00f6dkrok.<br \/>\nF\u00f6r intresserade finns mer detaljerade beskrivningar om gruvbrytning i<br \/>\n<em>Gruvdrift under 2500 \u00e5r<\/em> och om j\u00e4rnframst\u00e4llning i <em>J\u00e4rn och st\u00e5l<\/em> av samma f\u00f6rfattare.<\/p>\n<\/div><div class=\"sdm_download_size\"><span class=\"sdm_download_size_label\">Storlek: <\/span><span class=\"sdm_download_size_value\">110 MB<\/span><\/div><div class=\"sdm_download_version\"><span class=\"sdm_download_version_label\">Version: <\/span><span class=\"sdm_download_version_value\">241202<\/span><\/div><div class=\"sdm_download_link\"><span class=\"sdm_download_button\"><a href=\"https:\/\/brukshistoria.se\/?sdm_process_download=1&download_id=752\" class=\"sdm_download blue\" title=\"Norberg, bygge p\u00e5 j\u00e4rnmalm\" target=\"_blank\">Ladda ned, klicka h\u00e4r<\/a><\/span><\/div><\/div><div class=\"sdm_download_item \"><div class=\"sdm_download_item_top\"><div class=\"sdm_download_thumbnail\"><img decoding=\"async\" class=\"sdm_download_thumbnail_image\" src=\"https:\/\/brukshistoria.se\/media1.brukshistoria.se\/pdf_o_thumb\/Jarn_och_stal.jpg\" alt = \"J\u00e4rn och st\u00e5l.pdf\" \/><\/div><div class=\"sdm_download_title\">J\u00e4rn och st\u00e5l.pdf<\/div><\/div><div style=\"clear:both;\"><\/div><div class=\"sdm_download_description\"><p>&nbsp;<\/p>\n<p align=\"LEFT\">Den h\u00e4r skriften handlar om j\u00e4rn och st\u00e5l, j\u00e4rnets historia och framst\u00e4llning av j\u00e4rn och st\u00e5l fr\u00e5n och med sm\u00e5skalig tillverkning f\u00f6r n\u00e4stan 1500 \u00e5r sedan till dagens produktion. P\u00e5 ett kortfattat och enkelt s\u00e4tt beskrivs processer och arbetss\u00e4tt som har anv\u00e4nts och nu anv\u00e4nds f\u00f6r st\u00e5lframst\u00e4llning. Utrustning beskrivs och vanligen anv\u00e4nda termer f\u00f6rklaras. Den svenska st\u00e5lindustrins utveckling ber\u00f6rs tilllsammans med branchens milj\u00f6fr\u00e5gor.<\/p>\n<p align=\"LEFT\">Huvud\u00e4ndam\u00e5let \u00e4r att vara faktareferens vid l\u00e4sning av ber\u00e4ttelser om enskilda j\u00e4rn- och st\u00e5lverk, men skriften st\u00e5r p\u00e5 egna ben och kan d\u00e4rf\u00f6r ocks\u00e5 l\u00e4sas separat.<\/p>\n<\/div><div class=\"sdm_download_size\"><span class=\"sdm_download_size_label\">Storlek: <\/span><span class=\"sdm_download_size_value\">30 MB<\/span><\/div><div class=\"sdm_download_version\"><span class=\"sdm_download_version_label\">Version: <\/span><span class=\"sdm_download_version_value\">221102<\/span><\/div><div class=\"sdm_download_link\"><span class=\"sdm_download_button\"><a href=\"https:\/\/brukshistoria.se\/?sdm_process_download=1&download_id=149\" class=\"sdm_download blue\" title=\"J\u00e4rn och st\u00e5l.pdf\" target=\"_self\">Ladda ned, klicka h\u00e4r<\/a><\/span><\/div><\/div><div class=\"sdm_clear_float\"><\/div>\n\n\n\n<h1 class=\"wp-block-heading\">Koppargruvor<\/h1>\n\n\n\n<div class=\"sdm_download_item \"><div class=\"sdm_download_item_top\"><div class=\"sdm_download_thumbnail\"><img decoding=\"async\" class=\"sdm_download_thumbnail_image\" src=\"https:\/\/brukshistoria.se\/media1.brukshistoria.se\/pdf_o_thumb\/Koppar_en_lang_tid_anvand_metall.jpg\" alt = \"Koppar, en l\u00e5ng tid anv\u00e4nd metall.pdf\" \/><\/div><div class=\"sdm_download_title\">Koppar, en l\u00e5ng tid anv\u00e4nd metall.pdf<\/div><\/div><div style=\"clear:both;\"><\/div><div class=\"sdm_download_description\"><p>Denna skrift beskriver grund\u00e4mnet koppar som var en av de f\u00f6rsta metaller m\u00e4nniskor anv\u00e4nde, dess f\u00f6rekomst i naturen samt framst\u00e4llning och anv\u00e4ndning genom tiderna. Kemiska processer vid kopparframst\u00e4llningen beskrivs \u00f6versiktligt och kortfattat. Koppars och dess legeringars kemiska och fysikaliska egenskaper behandlas. Svenska gruvors historia ber\u00f6rs.<br \/>\nHuvud\u00e4ndam\u00e5let \u00e4r att vara en faktareferens vid l\u00e4sning om enskilda gruvor och kopparverk men den st\u00e5r som som skrift p\u00e5 egna ben och kan d\u00e4rf\u00f6r ocks\u00e5 l\u00e4sas separat och ge en bild av koppar i allm\u00e4nhet.<\/p>\n<\/div><div class=\"sdm_download_size\"><span class=\"sdm_download_size_label\">Storlek: <\/span><span class=\"sdm_download_size_value\">18 MB<\/span><\/div><div class=\"sdm_download_version\"><span class=\"sdm_download_version_label\">Version: <\/span><span class=\"sdm_download_version_value\">230426<\/span><\/div><div class=\"sdm_download_link\"><span class=\"sdm_download_button\"><a href=\"https:\/\/brukshistoria.se\/?sdm_process_download=1&download_id=634\" class=\"sdm_download blue\" title=\"Koppar, en l\u00e5ng tid anv\u00e4nd metall.pdf\" target=\"_blank\">Ladda ned, klicka h\u00e4r<\/a><\/span><\/div><\/div><div class=\"sdm_clear_float\"><\/div>\n\n\n\n<h1 class=\"wp-block-heading\">Silvergruvor<\/h1>\n\n\n\n<div class=\"sdm_download_item \"><div class=\"sdm_download_item_top\"><div class=\"sdm_download_thumbnail\"><img decoding=\"async\" class=\"sdm_download_thumbnail_image\" src=\"https:\/\/brukshistoria.se\/media1.brukshistoria.se\/pdf_o_thumb\/Nasafjalls_Silververk.jpg\" alt = \"Nasafj\u00e4lls Silververk.pdf\" \/><\/div><div class=\"sdm_download_title\">Nasafj\u00e4lls Silververk.pdf<\/div><\/div><div style=\"clear:both;\"><\/div><div class=\"sdm_download_description\"><p>Ber\u00e4ttelsen om Nasafj\u00e4lls Silververk b\u00f6rjar \u00e5r 1634 n\u00e4r samen Peder Olofsson uppt\u00e4ckte silvermalm p\u00e5 kalfj\u00e4llet Nasa i Lappland. Det v\u00e4ckte intresse i Stockholm d\u00e5 Sverige var inblandade i krig och beh\u00f6vde pengar. 1635 startades ett kronobruk f\u00f6r silverframst\u00e4llning med f\u00f6rhoppning om att finna stora rikedomar. S\u00e5 sm\u00e5ningom privatiserades silververket. Med l\u00e5nga uppeh\u00e5ll fortsatte verksamheten trots att rikedomarna lyste med sin fr\u00e5nvaro och den avslutades 1999, i varje fall tempor\u00e4rt. Nya kapitel i ber\u00e4ttelsen kan fortfarande komma.<\/p>\n<\/div><div class=\"sdm_download_size\"><span class=\"sdm_download_size_label\">Storlek: <\/span><span class=\"sdm_download_size_value\">24,6 MB<\/span><\/div><div class=\"sdm_download_version\"><span class=\"sdm_download_version_label\">Version: <\/span><span class=\"sdm_download_version_value\">220512<\/span><\/div><div class=\"sdm_download_link\"><span class=\"sdm_download_button\"><a href=\"https:\/\/brukshistoria.se\/?sdm_process_download=1&download_id=598\" class=\"sdm_download blue\" title=\"Nasafj\u00e4lls Silververk.pdf\" target=\"_blank\">Ladda ned, klicka h\u00e4r<\/a><\/span><\/div><\/div><div class=\"sdm_download_item \"><div class=\"sdm_download_item_top\"><div class=\"sdm_download_thumbnail\"><img decoding=\"async\" class=\"sdm_download_thumbnail_image\" src=\"https:\/\/brukshistoria.se\/media1.brukshistoria.se\/pdf_o_thumb\/silver.jpg\" alt = \"Silver.pdf\" \/><\/div><div class=\"sdm_download_title\">Silver.pdf<\/div><\/div><div style=\"clear:both;\"><\/div><div class=\"sdm_download_description\"><p>Den h\u00e4r skriften behandlar grund\u00e4mnet och metallen silver samt dess f\u00f6rekomst i naturen, framst\u00e4llningen genom tiderna och anv\u00e4ndningen av silver. Kemiska processer beskrivs \u00f6versiktligt och kortfattat.<\/p>\n<p>Huvud\u00e4ndam\u00e5let \u00e4r att vara en faktareferens vid l\u00e4sning om enskilda silververk men skriften st\u00e5r p\u00e5 egna ben och kan d\u00e4rf\u00f6r ocks\u00e5 l\u00e4sas separat.<\/p>\n<\/div><div class=\"sdm_download_link\"><span class=\"sdm_download_button\"><a href=\"https:\/\/brukshistoria.se\/?sdm_process_download=1&download_id=484\" class=\"sdm_download blue\" title=\"Silver.pdf\" target=\"_self\">Ladda ned, klicka h\u00e4r<\/a><\/span><\/div><\/div><div class=\"sdm_clear_float\"><\/div>\n","protected":false},"excerpt":{"rendered":"<p>Gruvor och malm J\u00e4rngruvor Koppargruvor Silvergruvor<\/p>\n","protected":false},"author":1,"featured_media":0,"parent":12,"menu_order":0,"comment_status":"closed","ping_status":"closed","template":"","meta":{"_monsterinsights_skip_tracking":false,"_monsterinsights_sitenote_active":false,"_monsterinsights_sitenote_note":"","_monsterinsights_sitenote_category":0,"footnotes":""},"class_list":["post-221","page","type-page","status-publish","hentry"],"_links":{"self":[{"href":"https:\/\/brukshistoria.se\/index.php?rest_route=\/wp\/v2\/pages\/221","targetHints":{"allow":["GET"]}}],"collection":[{"href":"https:\/\/brukshistoria.se\/index.php?rest_route=\/wp\/v2\/pages"}],"about":[{"href":"https:\/\/brukshistoria.se\/index.php?rest_route=\/wp\/v2\/types\/page"}],"author":[{"embeddable":true,"href":"https:\/\/brukshistoria.se\/index.php?rest_route=\/wp\/v2\/users\/1"}],"replies":[{"embeddable":true,"href":"https:\/\/brukshistoria.se\/index.php?rest_route=%2Fwp%2Fv2%2Fcomments&post=221"}],"version-history":[{"count":7,"href":"https:\/\/brukshistoria.se\/index.php?rest_route=\/wp\/v2\/pages\/221\/revisions"}],"predecessor-version":[{"id":690,"href":"https:\/\/brukshistoria.se\/index.php?rest_route=\/wp\/v2\/pages\/221\/revisions\/690"}],"up":[{"embeddable":true,"href":"https:\/\/brukshistoria.se\/index.php?rest_route=\/wp\/v2\/pages\/12"}],"wp:attachment":[{"href":"https:\/\/brukshistoria.se\/index.php?rest_route=%2Fwp%2Fv2%2Fmedia&parent=221"}],"curies":[{"name":"wp","href":"https:\/\/api.w.org\/{rel}","templated":true}]}}