{"id":16,"date":"2019-10-14T12:03:31","date_gmt":"2019-10-14T10:03:31","guid":{"rendered":"http:\/\/brukshistoria.se\/?page_id=16"},"modified":"2019-10-14T22:43:14","modified_gmt":"2019-10-14T20:43:14","slug":"kontakt","status":"publish","type":"page","link":"https:\/\/brukshistoria.se\/?page_id=16","title":{"rendered":"KONTAKT"},"content":{"rendered":"\n<p>Har du n\u00e5gon fr\u00e5ga, st\u00e4ll den h\u00e4r.<br>Vill du l\u00e4mna synpunkter p\u00e5 siten eller PDF-avsnitten, g\u00f6r det h\u00e4r.<br>Har du uppt\u00e4ckt n\u00e5gon felaktighet, meddela det h\u00e4r.<br>Vi svarar s\u00e4llan med v\u00e4ndande post men vi svarar s\u00e5 fort vi hinner.<\/p>\n\n\n\n\n<div class=\"wpcf7 no-js\" id=\"wpcf7-f57-o1\" lang=\"sv-SE\" dir=\"ltr\" data-wpcf7-id=\"57\">\n<div class=\"screen-reader-response\"><p role=\"status\" aria-live=\"polite\" aria-atomic=\"true\"><\/p> <ul><\/ul><\/div>\n<form action=\"\/index.php?rest_route=%2Fwp%2Fv2%2Fpages%2F16#wpcf7-f57-o1\" method=\"post\" class=\"wpcf7-form init\" aria-label=\"Kontaktformul\u00e4r\" novalidate=\"novalidate\" data-status=\"init\">\n<fieldset class=\"hidden-fields-container\"><input type=\"hidden\" name=\"_wpcf7\" value=\"57\" \/><input type=\"hidden\" name=\"_wpcf7_version\" value=\"6.1.5\" \/><input type=\"hidden\" name=\"_wpcf7_locale\" value=\"sv_SE\" \/><input type=\"hidden\" name=\"_wpcf7_unit_tag\" value=\"wpcf7-f57-o1\" \/><input type=\"hidden\" name=\"_wpcf7_container_post\" value=\"0\" \/><input type=\"hidden\" name=\"_wpcf7_posted_data_hash\" value=\"\" \/>\n<\/fieldset>\n<p><label> Ditt namn (obligatoriskt)<br \/>\n<span class=\"wpcf7-form-control-wrap\" data-name=\"your-name\"><input size=\"40\" maxlength=\"400\" class=\"wpcf7-form-control wpcf7-text wpcf7-validates-as-required\" aria-required=\"true\" aria-invalid=\"false\" value=\"\" type=\"text\" name=\"your-name\" \/><\/span> <\/label>\n<\/p>\n<p><label> Din e-postadress (obligatorisk)<br \/>\n<span class=\"wpcf7-form-control-wrap\" data-name=\"your-email\"><input size=\"40\" maxlength=\"400\" class=\"wpcf7-form-control wpcf7-email wpcf7-validates-as-required wpcf7-text wpcf7-validates-as-email\" aria-required=\"true\" aria-invalid=\"false\" value=\"\" type=\"email\" name=\"your-email\" \/><\/span> <\/label>\n<\/p>\n<p><label> \u00c4mne<br \/>\n<span class=\"wpcf7-form-control-wrap\" data-name=\"your-subject\"><input size=\"40\" maxlength=\"400\" class=\"wpcf7-form-control wpcf7-text\" aria-invalid=\"false\" value=\"\" type=\"text\" name=\"your-subject\" \/><\/span> <\/label>\n<\/p>\n<p><label> Ditt meddelande<br \/>\n<span class=\"wpcf7-form-control-wrap\" data-name=\"your-message\"><textarea cols=\"40\" rows=\"10\" maxlength=\"2000\" class=\"wpcf7-form-control wpcf7-textarea\" aria-invalid=\"false\" name=\"your-message\"><\/textarea><\/span> <\/label>\n<\/p>\n<p><input class=\"wpcf7-form-control wpcf7-submit has-spinner\" type=\"submit\" value=\"Skicka\" \/>\n<\/p><div class=\"wpcf7-response-output\" aria-hidden=\"true\"><\/div>\n<\/form>\n<\/div>\n\n","protected":false},"excerpt":{"rendered":"<p>Har du n\u00e5gon fr\u00e5ga, st\u00e4ll den h\u00e4r.Vill du l\u00e4mna synpunkter p\u00e5 siten eller PDF-avsnitten, g\u00f6r det h\u00e4r.Har du uppt\u00e4ckt n\u00e5gon felaktighet, meddela det h\u00e4r.Vi svarar s\u00e4llan med v\u00e4ndande post men vi svarar s\u00e5 fort vi hinner.<\/p>\n","protected":false},"author":1,"featured_media":0,"parent":0,"menu_order":0,"comment_status":"closed","ping_status":"closed","template":"","meta":{"_monsterinsights_skip_tracking":false,"_monsterinsights_sitenote_active":false,"_monsterinsights_sitenote_note":"","_monsterinsights_sitenote_category":0,"footnotes":""},"class_list":["post-16","page","type-page","status-publish","hentry"],"_links":{"self":[{"href":"https:\/\/brukshistoria.se\/index.php?rest_route=\/wp\/v2\/pages\/16","targetHints":{"allow":["GET"]}}],"collection":[{"href":"https:\/\/brukshistoria.se\/index.php?rest_route=\/wp\/v2\/pages"}],"about":[{"href":"https:\/\/brukshistoria.se\/index.php?rest_route=\/wp\/v2\/types\/page"}],"author":[{"embeddable":true,"href":"https:\/\/brukshistoria.se\/index.php?rest_route=\/wp\/v2\/users\/1"}],"replies":[{"embeddable":true,"href":"https:\/\/brukshistoria.se\/index.php?rest_route=%2Fwp%2Fv2%2Fcomments&post=16"}],"version-history":[{"count":6,"href":"https:\/\/brukshistoria.se\/index.php?rest_route=\/wp\/v2\/pages\/16\/revisions"}],"predecessor-version":[{"id":60,"href":"https:\/\/brukshistoria.se\/index.php?rest_route=\/wp\/v2\/pages\/16\/revisions\/60"}],"wp:attachment":[{"href":"https:\/\/brukshistoria.se\/index.php?rest_route=%2Fwp%2Fv2%2Fmedia&parent=16"}],"curies":[{"name":"wp","href":"https:\/\/api.w.org\/{rel}","templated":true}]}}