{"id":145,"date":"2019-10-16T15:27:02","date_gmt":"2019-10-16T13:27:02","guid":{"rendered":"https:\/\/brukshistoria.se\/?page_id=145"},"modified":"2019-10-17T22:02:39","modified_gmt":"2019-10-17T20:02:39","slug":"ovrigt","status":"publish","type":"page","link":"https:\/\/brukshistoria.se\/?page_id=145","title":{"rendered":"\u00d6VRIGT"},"content":{"rendered":"\n<div class=\"sdm_download_item \"><div class=\"sdm_download_item_top\"><div class=\"sdm_download_thumbnail\"><\/div><div class=\"sdm_download_title\">Skyddad: Fotogalleri<\/div><\/div><div style=\"clear:both;\"><\/div><div class=\"sdm_download_description\"><\/div><div class=\"sdm_download_size\"><span class=\"sdm_download_size_label\">Storlek: <\/span><span class=\"sdm_download_size_value\">20,2 MB<\/span><\/div><div class=\"sdm_download_version\"><span class=\"sdm_download_version_label\">Version: <\/span><span class=\"sdm_download_version_value\">240125<\/span><\/div><div class=\"sdm_download_link\"><span class=\"sdm_download_button\"><span class=\"sdm_enter_password_label_text\">Ange l\u00f6senord f\u00f6r att ladda ner:<\/span><form action=\"https:\/\/brukshistoria.se\/?sdm_process_download=1&download_id=723\" method=\"post\" id=\"sdm-pass-6a04694678cae\" class=\"sdm-download-form\"><input type=\"password\" name=\"pass_text\" class=\"sdm_pass_text\" value=\"\" \/> <span class=\"sdm-download-button\"><a href=\"#\" name=\"sdm_dl_pass_submit\" class=\"pass_sumbit sdm_pass_protected_download sdm_download_with_condition sdm_download blue\">Ladda ned, klicka h\u00e4r<\/a><\/span><input type=\"hidden\" name=\"download_id\" value=\"723\" \/><\/form><\/span><\/div><\/div><div class=\"sdm_download_item \"><div class=\"sdm_download_item_top\"><div class=\"sdm_download_thumbnail\"><img decoding=\"async\" class=\"sdm_download_thumbnail_image\" src=\"https:\/\/brukshistoria.se\/media1.brukshistoria.se\/pdf_o_thumb\/Bj\u00f6rk\u00e5s.jpg\" alt = \"Skyddad: Bj\u00f6rk\u00e5s.pdf\" \/><\/div><div class=\"sdm_download_title\">Skyddad: Bj\u00f6rk\u00e5s.pdf<\/div><\/div><div style=\"clear:both;\"><\/div><div class=\"sdm_download_description\"><p align=\"LEFT\">En ber\u00e4ttelse om hur ett ganska stort stycke \u00f6demark l\u00e5ngt ovanf\u00f6r den d\u00e5varande odlingsgr\u00e4nsen gjordes till ett nybygge som ben\u00e4mndes Bj\u00f6rk\u00e5s f\u00f6r knappt 170 \u00e5r sedan. Hur det blev en by, om \u00e4n mycket liten och hur byn byggdes upp och befolkades. F\u00f6rutom byn beskrivs ocks\u00e5 byggen p\u00e5 den mark som ursprungligen insynades f\u00f6r Bj\u00f6rk\u00e5s. Modernare tider beskrivs \u00e4ven, d\u00e4r samh\u00e4llsutvecklingen nu verkar f\u00f6rvandla jorden till \u00f6demark igen.<\/p>\n<\/div><div class=\"sdm_download_size\"><span class=\"sdm_download_size_label\">Storlek: <\/span><span class=\"sdm_download_size_value\">36,9 MB<\/span><\/div><div class=\"sdm_download_version\"><span class=\"sdm_download_version_label\">Version: <\/span><span class=\"sdm_download_version_value\">191028<\/span><\/div><div class=\"sdm_download_link\"><span class=\"sdm_download_button\"><span class=\"sdm_enter_password_label_text\">Ange l\u00f6senord f\u00f6r att ladda ner:<\/span><form action=\"https:\/\/brukshistoria.se\/?sdm_process_download=1&download_id=142\" method=\"post\" id=\"sdm-pass-6a0469467a4c2\" class=\"sdm-download-form\" target=\"_blank\"><input type=\"password\" name=\"pass_text\" class=\"sdm_pass_text\" value=\"\" \/> <span class=\"sdm-download-button\"><a href=\"#\" name=\"sdm_dl_pass_submit\" class=\"pass_sumbit sdm_pass_protected_download sdm_download_with_condition sdm_download blue\">Ladda ned, klicka h\u00e4r<\/a><\/span><input type=\"hidden\" name=\"download_id\" value=\"142\" \/><\/form><\/span><\/div><\/div><div class=\"sdm_clear_float\"><\/div>\n","protected":false},"excerpt":{"rendered":"","protected":false},"author":1,"featured_media":0,"parent":0,"menu_order":0,"comment_status":"closed","ping_status":"closed","template":"","meta":{"_monsterinsights_skip_tracking":false,"_monsterinsights_sitenote_active":false,"_monsterinsights_sitenote_note":"","_monsterinsights_sitenote_category":0,"footnotes":""},"class_list":["post-145","page","type-page","status-publish","hentry"],"_links":{"self":[{"href":"https:\/\/brukshistoria.se\/index.php?rest_route=\/wp\/v2\/pages\/145","targetHints":{"allow":["GET"]}}],"collection":[{"href":"https:\/\/brukshistoria.se\/index.php?rest_route=\/wp\/v2\/pages"}],"about":[{"href":"https:\/\/brukshistoria.se\/index.php?rest_route=\/wp\/v2\/types\/page"}],"author":[{"embeddable":true,"href":"https:\/\/brukshistoria.se\/index.php?rest_route=\/wp\/v2\/users\/1"}],"replies":[{"embeddable":true,"href":"https:\/\/brukshistoria.se\/index.php?rest_route=%2Fwp%2Fv2%2Fcomments&post=145"}],"version-history":[{"count":4,"href":"https:\/\/brukshistoria.se\/index.php?rest_route=\/wp\/v2\/pages\/145\/revisions"}],"predecessor-version":[{"id":228,"href":"https:\/\/brukshistoria.se\/index.php?rest_route=\/wp\/v2\/pages\/145\/revisions\/228"}],"wp:attachment":[{"href":"https:\/\/brukshistoria.se\/index.php?rest_route=%2Fwp%2Fv2%2Fmedia&parent=145"}],"curies":[{"name":"wp","href":"https:\/\/api.w.org\/{rel}","templated":true}]}}