{"id":12,"date":"2019-10-14T11:56:03","date_gmt":"2019-10-14T09:56:03","guid":{"rendered":"http:\/\/brukshistoria.se\/?page_id=12"},"modified":"2020-05-04T13:11:18","modified_gmt":"2020-05-04T11:11:18","slug":"bransch","status":"publish","type":"page","link":"https:\/\/brukshistoria.se\/?page_id=12","title":{"rendered":"BRANSCH"},"content":{"rendered":"\n<p class=\"has-text-color has-very-dark-gray-color\"><!-- Beginning of Link Library Output --><div id='linklist1' class='linklist'><!-- Div Linklist -->\n<div class=\"LinkLibraryCat LinkLibraryCat3 level0\"><!-- Div Category --><div class=\"linklistcatname\"><!-- Div Cat Name --><span class=\"linklistcatclass\">Klicka p\u00e5 l\u00e4nk f\u00f6r bransch- eller verksamhetsomr\u00e5de<\/span><\/div><!-- DivOrHeader -->\n\t<table class='linklisttable'>\n<div class=\"linklisttableheaders\"><tr><th><div class=\"linklistcolumnheader\">L\u00e4nk<\/div><\/th><th><div class=\"linklistcolumnheader\"> Beskrivning<\/div><\/th><\/tr><\/div>\n<tr><td><a href=\"https:\/\/brukshistoria.se\/?page_id=63\u200e\" id=\"link-62\" class=\"track_this_link \" rel=\"noopener noreferrer\" target=\"_blank\">Glasbruk och hyttor<\/a><\/td>\n<td><p><br \/>Tillverkning av bl\u00e5st och pressat konstglas och bruksglas s\u00e5som vaser, flaskor och dricksglas. \u00c4ven tillverkning av f\u00f6nsterglas och skyddsglas.<\/p><\/td>              <\/tr>\n<tr><td><a href=\"https:\/\/brukshistoria.se\/?page_id=221\u200e\" id=\"link-103\" class=\"track_this_link \" rel=\"noopener noreferrer\" target=\"_blank\">Gruvor och malmhantering<\/a><\/td>\n<td><p><br \/>Brytning i dagbrott eller i underjordiska gruvor. Malmhantering med\u00a0\u00a0bergkrossar och efterf\u00f6ljande sovring samt anrikning av malmen.<\/p><\/td>              <\/tr>\n<tr><td><a href=\"https:\/\/brukshistoria.se\/?page_id=71\u200e\" id=\"link-105\" class=\"track_this_link \" rel=\"noopener noreferrer\" target=\"_blank\">Kemisk industri<\/a><\/td>\n<td><p><br \/>F\u00f6retag som utvinner \u00e4mnen fr\u00e5n naturen, exempelvis salt fr\u00e5n havsvatten eller bensin och oljor fr\u00e5n r\u00e5olja. \u00c4ven tillverkning av enkla kemikalier eller blandningar samt framst\u00e4llning av komplexa \u00e4mnen f\u00f6r l\u00e4kemedel.<\/p><\/td>              <\/tr>\n<tr><td><a href=\"https:\/\/brukshistoria.se\/?page_id=89\u200e\" id=\"link-107\" class=\"track_this_link \" rel=\"noopener noreferrer\" target=\"_blank\">Keramikindustri<\/a><\/td>\n<td><p><br \/>Framst\u00e4ller material genom sintring. Pulver packas och upphettas s\u00e5 att kornen sm\u00e4lter i ytan och h\u00e4ftar vid mot varandra. Exempel tegel och porslin.<\/p><\/td>              <\/tr>\n<tr><td><a href=\"https:\/\/brukshistoria.se\/?page_id=80\u200e\" id=\"link-110\" class=\"track_this_link \" rel=\"noopener noreferrer\" target=\"_blank\">Massa- och pappersbruk<\/a><\/td>\n<td><p><br \/>Framst\u00e4llning av pappersmassa och tillverkning av papper och kartong f\u00f6r hand eller maskinellt.<\/p><\/td>              <\/tr>\n<tr><td><a href=\"https:\/\/brukshistoria.se\/?page_id=208\u200e\" id=\"link-109\" class=\"track_this_link \" rel=\"noopener noreferrer\" target=\"_blank\">Metallbearbetning<\/a><\/td>\n<td><p><br \/>Formning genom smide eller pressning, avverkande metoder som klippning eller sp\u00e5nsk\u00e4rande metoder. Hopfogningsmetoden svetsning samt ytbehandling som f\u00f6rnickling eller m\u00e5lning.<\/p><\/td>              <\/tr>\n<tr><td><a href=\"https:\/\/brukshistoria.se\/?page_id=74\u200e\" id=\"link-108\" class=\"track_this_link \" rel=\"noopener noreferrer\" target=\"_blank\">Metallframst\u00e4llning<\/a><\/td>\n<td><p><br \/>Framst\u00e4llning av metaller ur malmer eller metoder f\u00f6r utvinning av metaller som f\u00f6rekommer i ren form i naturen.<\/p><\/td>              <\/tr>\n<tr><td><a href=\"https:\/\/brukshistoria.se\/?page_id=86\u200e\" id=\"link-112\" class=\"track_this_link \" rel=\"noopener noreferrer\" target=\"_blank\">Orter och st\u00e4der<\/a><\/td>\n<td><p><br \/>Intressanta samh\u00e4llen med en stark industriell anknytning beskrivs.<\/p><\/td>              <\/tr>\n<tr><td><a href=\"https:\/\/brukshistoria.se\/?page_id=83\u200e\" id=\"link-111\" class=\"track_this_link \" rel=\"noopener noreferrer\" target=\"_blank\">Plastindustri<\/a><\/td>\n<td><p><br \/>Gjutning och pressning av mjukplast och h\u00e4rdplast samt valsning av mjukplast. \u00c5teranv\u00e4ndning av mjukplaster.<\/p><\/td>              <\/tr>\n\t<\/table>\n<\/div><!-- Div End Category -->\n<script type='text\/javascript'>\njQuery(document).ready(function()\n{\njQuery('.arrow-up').hide();\njQuery('#linklist1 a.track_this_link').click(function() {\nlinkid = this.id;\nlinkid = linkid.substring(5);\npath = '';\njQuery.ajax( {    type: 'POST',    url: 'https:\/\/brukshistoria.se\/wp-admin\/admin-ajax.php',     data: { action: 'link_library_tracker',             _ajax_nonce: '9b5e941d8d',             id:linkid, xpath:path }     });\nreturn true;\n});\njQuery('#linklist1 .expandlinks').click(function() {\ntarget = '.' + jQuery(this).attr('id');\nsubcattarget = '.' + jQuery(this).attr('data-subcat');\nif ( jQuery( target ).is(':visible') ) {\njQuery(target).slideUp();\njQuery(subcattarget).slideToggle();\njQuery(this).children('img').attr('src', 'https:\/\/brukshistoria.se\/wp-content\/plugins\/link-library\/icons\/expand-32.png');\n} else {\njQuery(target).slideDown();\njQuery(subcattarget).slideToggle();\njQuery(this).children('img').attr('src', 'https:\/\/brukshistoria.se\/wp-content\/plugins\/link-library\/icons\/collapse-32.png');\n}\n});\njQuery('#linklist1 .linklistcatclass').click(function() {\njQuery(this).siblings('.expandlinks').click();\n});\njQuery('#linklist1 .linklistcatnamedesc').click(function() {\njQuery(this).siblings('.expandlinks').click();\n});\n});\n<\/script>\n<\/div><!-- Div Linklist -->\n<!-- End of Link Library Output -->\n\n<\/p>\n","protected":false},"excerpt":{"rendered":"","protected":false},"author":1,"featured_media":0,"parent":0,"menu_order":0,"comment_status":"closed","ping_status":"closed","template":"","meta":{"_monsterinsights_skip_tracking":false,"_monsterinsights_sitenote_active":false,"_monsterinsights_sitenote_note":"","_monsterinsights_sitenote_category":0,"footnotes":""},"class_list":["post-12","page","type-page","status-publish","hentry"],"_links":{"self":[{"href":"https:\/\/brukshistoria.se\/index.php?rest_route=\/wp\/v2\/pages\/12","targetHints":{"allow":["GET"]}}],"collection":[{"href":"https:\/\/brukshistoria.se\/index.php?rest_route=\/wp\/v2\/pages"}],"about":[{"href":"https:\/\/brukshistoria.se\/index.php?rest_route=\/wp\/v2\/types\/page"}],"author":[{"embeddable":true,"href":"https:\/\/brukshistoria.se\/index.php?rest_route=\/wp\/v2\/users\/1"}],"replies":[{"embeddable":true,"href":"https:\/\/brukshistoria.se\/index.php?rest_route=%2Fwp%2Fv2%2Fcomments&post=12"}],"version-history":[{"count":24,"href":"https:\/\/brukshistoria.se\/index.php?rest_route=\/wp\/v2\/pages\/12\/revisions"}],"predecessor-version":[{"id":431,"href":"https:\/\/brukshistoria.se\/index.php?rest_route=\/wp\/v2\/pages\/12\/revisions\/431"}],"wp:attachment":[{"href":"https:\/\/brukshistoria.se\/index.php?rest_route=%2Fwp%2Fv2%2Fmedia&parent=12"}],"curies":[{"name":"wp","href":"https:\/\/api.w.org\/{rel}","templated":true}]}}